{"id":5420,"date":"2014-05-05T14:36:39","date_gmt":"2014-05-05T12:36:39","guid":{"rendered":"http:\/\/t4.utv.stuart.pro\/visit-us\/cafe-zorn-2\/"},"modified":"2021-03-01T14:19:19","modified_gmt":"2021-03-01T13:19:19","slug":"cafe-zorn","status":"publish","type":"page","link":"https:\/\/zorn.se\/en\/cafe-zorn\/","title":{"rendered":"Caf\u00e9 Zorn"},"content":{"rendered":"<h1>Caf\u00e9 Zorn<\/h1>\n<p>Housed within Zorn\u2019s old carriage house is Caf\u00e9 Zorn. Here you can enjoy coffee and pastries or lunch, made from scratch with local organic products in our own kitchen and bakery. Bask in the summer sun on the outdoor terrace or nestle in front of an open fireplace on a chilly winter day.<\/p>\n<p>Caf\u00e9 Zorn is included in the prestigious White Guide.<\/p>\n<p>Visit Caf\u00e9 Zorn\u2019s own homepage <a href=\"http:\/\/www.cafezorn.se\/##fikalunch\" target=\"_blank\" rel=\"noopener\">here<\/a>.<\/p>\n","protected":false},"excerpt":{"rendered":"<p>Caf\u00e9 Zorn Housed within Zorn\u2019s old carriage house is Caf\u00e9 [&hellip;]<\/p>\n","protected":false},"author":1001017,"featured_media":0,"parent":0,"menu_order":60,"comment_status":"closed","ping_status":"open","template":"","meta":{"_acf_changed":false,"footnotes":""},"class_list":["post-5420","page","type-page","status-publish","hentry"],"acf":[],"yoast_head":"<!-- This site is optimized with the Yoast SEO plugin v27.4 - https:\/\/yoast.com\/product\/yoast-seo-wordpress\/ -->\n<title>Inrymt i den gamla stall\u00e4ngan p\u00e5 Zorng\u00e5rden och med vacker utsikt \u00f6ver tr\u00e4dg\u00e5rden ligger Caf\u00e9 Zorn. H\u00e4r erbjuds pajer, soppor, sallader, pastar\u00e4tter, hembakat br\u00f6d, sm\u00f6rg\u00e5sar och bakverk.<\/title>\n<meta name=\"description\" content=\"Caf\u00e9 Zorn, Zornmuseet i Mora \u00f6ppnar i b\u00f6rjan av augusti 2014. H\u00e4r bjuds p\u00e5 hembakat br\u00f6d, sm\u00f6rg\u00e5sar, sallader och bakverk.\" \/>\n<meta name=\"robots\" content=\"index, follow, max-snippet:-1, max-image-preview:large, max-video-preview:-1\" \/>\n<link rel=\"canonical\" href=\"https:\/\/zorn.se\/en\/cafe-zorn\/\" \/>\n<meta property=\"og:locale\" content=\"en_US\" \/>\n<meta property=\"og:type\" content=\"article\" \/>\n<meta property=\"og:title\" content=\"Inrymt i den gamla stall\u00e4ngan p\u00e5 Zorng\u00e5rden och med vacker utsikt \u00f6ver tr\u00e4dg\u00e5rden ligger Caf\u00e9 Zorn. H\u00e4r erbjuds pajer, soppor, sallader, pastar\u00e4tter, hembakat br\u00f6d, sm\u00f6rg\u00e5sar och bakverk.\" \/>\n<meta property=\"og:description\" content=\"Caf\u00e9 Zorn, Zornmuseet i Mora \u00f6ppnar i b\u00f6rjan av augusti 2014. H\u00e4r bjuds p\u00e5 hembakat br\u00f6d, sm\u00f6rg\u00e5sar, sallader och bakverk.\" \/>\n<meta property=\"og:url\" content=\"https:\/\/zorn.se\/en\/cafe-zorn\/\" \/>\n<meta property=\"og:site_name\" content=\"Zornmuseet\" \/>\n<meta property=\"article:publisher\" content=\"https:\/\/www.facebook.com\/zornmuseet\/?ref=bookmarks\" \/>\n<meta property=\"article:modified_time\" content=\"2021-03-01T13:19:19+00:00\" \/>\n<script type=\"application\/ld+json\" class=\"yoast-schema-graph\">{\"@context\":\"https:\\\/\\\/schema.org\",\"@graph\":[{\"@type\":\"WebPage\",\"@id\":\"https:\\\/\\\/zorn.se\\\/en\\\/cafe-zorn\\\/\",\"url\":\"https:\\\/\\\/zorn.se\\\/en\\\/cafe-zorn\\\/\",\"name\":\"Inrymt i den gamla stall\u00e4ngan p\u00e5 Zorng\u00e5rden och med vacker utsikt \u00f6ver tr\u00e4dg\u00e5rden ligger Caf\u00e9 Zorn. H\u00e4r erbjuds pajer, soppor, sallader, pastar\u00e4tter, hembakat br\u00f6d, sm\u00f6rg\u00e5sar och bakverk.\",\"isPartOf\":{\"@id\":\"https:\\\/\\\/zorn.se\\\/en\\\/#website\"},\"datePublished\":\"2014-05-05T12:36:39+00:00\",\"dateModified\":\"2021-03-01T13:19:19+00:00\",\"description\":\"Caf\u00e9 Zorn, Zornmuseet i Mora \u00f6ppnar i b\u00f6rjan av augusti 2014. H\u00e4r bjuds p\u00e5 hembakat br\u00f6d, sm\u00f6rg\u00e5sar, sallader och bakverk.\",\"breadcrumb\":{\"@id\":\"https:\\\/\\\/zorn.se\\\/en\\\/cafe-zorn\\\/#breadcrumb\"},\"inLanguage\":\"en-US\",\"potentialAction\":[{\"@type\":\"ReadAction\",\"target\":[\"https:\\\/\\\/zorn.se\\\/en\\\/cafe-zorn\\\/\"]}]},{\"@type\":\"BreadcrumbList\",\"@id\":\"https:\\\/\\\/zorn.se\\\/en\\\/cafe-zorn\\\/#breadcrumb\",\"itemListElement\":[{\"@type\":\"ListItem\",\"position\":1,\"name\":\"Home\",\"item\":\"https:\\\/\\\/zorn.se\\\/en\\\/\"},{\"@type\":\"ListItem\",\"position\":2,\"name\":\"Caf\u00e9 Zorn\"}]},{\"@type\":\"WebSite\",\"@id\":\"https:\\\/\\\/zorn.se\\\/en\\\/#website\",\"url\":\"https:\\\/\\\/zorn.se\\\/en\\\/\",\"name\":\"Zornmuseet\",\"description\":\"\",\"potentialAction\":[{\"@type\":\"SearchAction\",\"target\":{\"@type\":\"EntryPoint\",\"urlTemplate\":\"https:\\\/\\\/zorn.se\\\/en\\\/?s={search_term_string}\"},\"query-input\":{\"@type\":\"PropertyValueSpecification\",\"valueRequired\":true,\"valueName\":\"search_term_string\"}}],\"inLanguage\":\"en-US\"}]}<\/script>\n<!-- \/ Yoast SEO plugin. -->","yoast_head_json":{"title":"Inrymt i den gamla stall\u00e4ngan p\u00e5 Zorng\u00e5rden och med vacker utsikt \u00f6ver tr\u00e4dg\u00e5rden ligger Caf\u00e9 Zorn. H\u00e4r erbjuds pajer, soppor, sallader, pastar\u00e4tter, hembakat br\u00f6d, sm\u00f6rg\u00e5sar och bakverk.","description":"Caf\u00e9 Zorn, Zornmuseet i Mora \u00f6ppnar i b\u00f6rjan av augusti 2014. H\u00e4r bjuds p\u00e5 hembakat br\u00f6d, sm\u00f6rg\u00e5sar, sallader och bakverk.","robots":{"index":"index","follow":"follow","max-snippet":"max-snippet:-1","max-image-preview":"max-image-preview:large","max-video-preview":"max-video-preview:-1"},"canonical":"https:\/\/zorn.se\/en\/cafe-zorn\/","og_locale":"en_US","og_type":"article","og_title":"Inrymt i den gamla stall\u00e4ngan p\u00e5 Zorng\u00e5rden och med vacker utsikt \u00f6ver tr\u00e4dg\u00e5rden ligger Caf\u00e9 Zorn. H\u00e4r erbjuds pajer, soppor, sallader, pastar\u00e4tter, hembakat br\u00f6d, sm\u00f6rg\u00e5sar och bakverk.","og_description":"Caf\u00e9 Zorn, Zornmuseet i Mora \u00f6ppnar i b\u00f6rjan av augusti 2014. H\u00e4r bjuds p\u00e5 hembakat br\u00f6d, sm\u00f6rg\u00e5sar, sallader och bakverk.","og_url":"https:\/\/zorn.se\/en\/cafe-zorn\/","og_site_name":"Zornmuseet","article_publisher":"https:\/\/www.facebook.com\/zornmuseet\/?ref=bookmarks","article_modified_time":"2021-03-01T13:19:19+00:00","schema":{"@context":"https:\/\/schema.org","@graph":[{"@type":"WebPage","@id":"https:\/\/zorn.se\/en\/cafe-zorn\/","url":"https:\/\/zorn.se\/en\/cafe-zorn\/","name":"Inrymt i den gamla stall\u00e4ngan p\u00e5 Zorng\u00e5rden och med vacker utsikt \u00f6ver tr\u00e4dg\u00e5rden ligger Caf\u00e9 Zorn. H\u00e4r erbjuds pajer, soppor, sallader, pastar\u00e4tter, hembakat br\u00f6d, sm\u00f6rg\u00e5sar och bakverk.","isPartOf":{"@id":"https:\/\/zorn.se\/en\/#website"},"datePublished":"2014-05-05T12:36:39+00:00","dateModified":"2021-03-01T13:19:19+00:00","description":"Caf\u00e9 Zorn, Zornmuseet i Mora \u00f6ppnar i b\u00f6rjan av augusti 2014. H\u00e4r bjuds p\u00e5 hembakat br\u00f6d, sm\u00f6rg\u00e5sar, sallader och bakverk.","breadcrumb":{"@id":"https:\/\/zorn.se\/en\/cafe-zorn\/#breadcrumb"},"inLanguage":"en-US","potentialAction":[{"@type":"ReadAction","target":["https:\/\/zorn.se\/en\/cafe-zorn\/"]}]},{"@type":"BreadcrumbList","@id":"https:\/\/zorn.se\/en\/cafe-zorn\/#breadcrumb","itemListElement":[{"@type":"ListItem","position":1,"name":"Home","item":"https:\/\/zorn.se\/en\/"},{"@type":"ListItem","position":2,"name":"Caf\u00e9 Zorn"}]},{"@type":"WebSite","@id":"https:\/\/zorn.se\/en\/#website","url":"https:\/\/zorn.se\/en\/","name":"Zornmuseet","description":"","potentialAction":[{"@type":"SearchAction","target":{"@type":"EntryPoint","urlTemplate":"https:\/\/zorn.se\/en\/?s={search_term_string}"},"query-input":{"@type":"PropertyValueSpecification","valueRequired":true,"valueName":"search_term_string"}}],"inLanguage":"en-US"}]}},"_links":{"self":[{"href":"https:\/\/zorn.se\/en\/wp-json\/wp\/v2\/pages\/5420","targetHints":{"allow":["GET"]}}],"collection":[{"href":"https:\/\/zorn.se\/en\/wp-json\/wp\/v2\/pages"}],"about":[{"href":"https:\/\/zorn.se\/en\/wp-json\/wp\/v2\/types\/page"}],"author":[{"embeddable":true,"href":"https:\/\/zorn.se\/en\/wp-json\/wp\/v2\/users\/1001017"}],"replies":[{"embeddable":true,"href":"https:\/\/zorn.se\/en\/wp-json\/wp\/v2\/comments?post=5420"}],"version-history":[{"count":1,"href":"https:\/\/zorn.se\/en\/wp-json\/wp\/v2\/pages\/5420\/revisions"}],"predecessor-version":[{"id":5421,"href":"https:\/\/zorn.se\/en\/wp-json\/wp\/v2\/pages\/5420\/revisions\/5421"}],"wp:attachment":[{"href":"https:\/\/zorn.se\/en\/wp-json\/wp\/v2\/media?parent=5420"}],"curies":[{"name":"wp","href":"https:\/\/api.w.org\/{rel}","templated":true}]}}