{"id":5373,"date":"2014-08-25T14:18:03","date_gmt":"2014-08-25T12:18:03","guid":{"rendered":"http:\/\/t4.utv.stuart.pro\/infor-besoket\/"},"modified":"2023-01-12T13:04:36","modified_gmt":"2023-01-12T12:04:36","slug":"welcome","status":"publish","type":"page","link":"https:\/\/zorn.se\/en\/welcome\/","title":{"rendered":"Welcome"},"content":{"rendered":"<div  class=\"fusion-fullwidth fullwidth-box nonhundred-percent-fullwidth\"  style='background-color: rgba(255,255,255,0);background-position: center center;background-repeat: no-repeat;padding-top:0px;padding-right:0px;padding-bottom:0px;padding-left:0px;'><div class=\"fusion-builder-row fusion-row \"><div  class=\"fusion-layout-column fusion_builder_column fusion_builder_column_1_1  fusion-one-full fusion-column-first fusion-column-last 1_1\"  style='margin-top:0px;margin-bottom:0px;'>\n\t\t\t\t\t<div class=\"fusion-column-wrapper\" style=\"background-position:left top;background-repeat:no-repeat;-webkit-background-size:cover;-moz-background-size:cover;-o-background-size:cover;background-size:cover;\"  data-bg-url=\"\">\n\t\t\t\t\t\t<h1>Welcome<\/h1>\n<p>Welcome to the home and the museum of Sweden\u2019s master painter, Anders Zorn (1860-1920).<\/p>\n<p>Born into humble circumstances in the village of Mora, Zorn raised to become one his time\u2019s most celebrated artists. During his career, he established himself internationally as one of the leading portrait painters, but the Swede is also famous for his watercolors and nudes. Zorn\u2019s depictions of rustic life and customs in the region of Dalarna are striking illustrations of Swedish national identity and idealized rural life. Experience the legacy of Zorn and be seduced by his art!<\/p>\n<p><a href=\"https:\/\/zorn.se\/wp-content\/uploads\/2023\/01\/Oversiktskarta.png\"><img loading=\"lazy\" decoding=\"async\" class=\"alignleft wp-image-9048\" src=\"https:\/\/zorn.se\/wp-content\/uploads\/2023\/01\/Oversiktskarta-300x212.png\" alt=\"\" width=\"691\" height=\"488\" srcset=\"https:\/\/zorn.se\/wp-content\/uploads\/2023\/01\/Oversiktskarta-200x141.png 200w, https:\/\/zorn.se\/wp-content\/uploads\/2023\/01\/Oversiktskarta-300x212.png 300w, https:\/\/zorn.se\/wp-content\/uploads\/2023\/01\/Oversiktskarta-400x283.png 400w, https:\/\/zorn.se\/wp-content\/uploads\/2023\/01\/Oversiktskarta-600x424.png 600w, https:\/\/zorn.se\/wp-content\/uploads\/2023\/01\/Oversiktskarta-768x543.png 768w, https:\/\/zorn.se\/wp-content\/uploads\/2023\/01\/Oversiktskarta-800x565.png 800w, https:\/\/zorn.se\/wp-content\/uploads\/2023\/01\/Oversiktskarta.png 842w\" sizes=\"auto, (max-width: 691px) 100vw, 691px\" \/><\/a><\/p>\n<p><strong>\u00a0<\/strong><\/p>\n<div class=\"fusion-clearfix\"><\/div>\n\n\t\t\t\t\t<\/div>\n\t\t\t\t<\/div><\/div><\/div>\n","protected":false},"excerpt":{"rendered":"","protected":false},"author":1001017,"featured_media":0,"parent":0,"menu_order":8,"comment_status":"closed","ping_status":"open","template":"","meta":{"_acf_changed":false,"footnotes":""},"class_list":["post-5373","page","type-page","status-publish","hentry"],"acf":[],"yoast_head":"<!-- This site is optimized with the Yoast SEO plugin v27.5 - https:\/\/yoast.com\/product\/yoast-seo-wordpress\/ -->\n<title>V\u00e4lkommen till Zornmuseet<\/title>\n<meta name=\"description\" content=\"V\u00e4lkommen till Zornmuseet, Zorng\u00e5rden, Zorns gamelg\u00e5rd, Zorns textilkammare, Gopsmor, Caf\u00e9 Zorn\" \/>\n<meta name=\"robots\" content=\"index, follow, max-snippet:-1, max-image-preview:large, max-video-preview:-1\" \/>\n<link rel=\"canonical\" href=\"https:\/\/zorn.se\/en\/welcome\/\" \/>\n<meta property=\"og:locale\" content=\"en_US\" \/>\n<meta property=\"og:type\" content=\"article\" \/>\n<meta property=\"og:title\" content=\"V\u00e4lkommen till Zornmuseet\" \/>\n<meta property=\"og:description\" content=\"V\u00e4lkommen till Zornmuseet, Zorng\u00e5rden, Zorns gamelg\u00e5rd, Zorns textilkammare, Gopsmor, Caf\u00e9 Zorn\" \/>\n<meta property=\"og:url\" content=\"https:\/\/zorn.se\/en\/welcome\/\" \/>\n<meta property=\"og:site_name\" content=\"Zornmuseet\" \/>\n<meta property=\"article:publisher\" content=\"https:\/\/www.facebook.com\/zornmuseet\/?ref=bookmarks\" \/>\n<meta property=\"article:modified_time\" content=\"2023-01-12T12:04:36+00:00\" \/>\n<meta property=\"og:image\" content=\"https:\/\/zorn.se\/wp-content\/uploads\/2023\/01\/Oversiktskarta-300x212.png\" \/>\n<meta name=\"twitter:label1\" content=\"Est. reading time\" \/>\n\t<meta name=\"twitter:data1\" content=\"1 minute\" \/>\n<script type=\"application\/ld+json\" class=\"yoast-schema-graph\">{\"@context\":\"https:\\\/\\\/schema.org\",\"@graph\":[{\"@type\":\"WebPage\",\"@id\":\"https:\\\/\\\/zorn.se\\\/en\\\/welcome\\\/\",\"url\":\"https:\\\/\\\/zorn.se\\\/en\\\/welcome\\\/\",\"name\":\"V\u00e4lkommen till Zornmuseet\",\"isPartOf\":{\"@id\":\"https:\\\/\\\/zorn.se\\\/en\\\/#website\"},\"primaryImageOfPage\":{\"@id\":\"https:\\\/\\\/zorn.se\\\/en\\\/welcome\\\/#primaryimage\"},\"image\":{\"@id\":\"https:\\\/\\\/zorn.se\\\/en\\\/welcome\\\/#primaryimage\"},\"thumbnailUrl\":\"https:\\\/\\\/zorn.se\\\/wp-content\\\/uploads\\\/2023\\\/01\\\/Oversiktskarta-300x212.png\",\"datePublished\":\"2014-08-25T12:18:03+00:00\",\"dateModified\":\"2023-01-12T12:04:36+00:00\",\"description\":\"V\u00e4lkommen till Zornmuseet, Zorng\u00e5rden, Zorns gamelg\u00e5rd, Zorns textilkammare, Gopsmor, Caf\u00e9 Zorn\",\"breadcrumb\":{\"@id\":\"https:\\\/\\\/zorn.se\\\/en\\\/welcome\\\/#breadcrumb\"},\"inLanguage\":\"en-US\",\"potentialAction\":[{\"@type\":\"ReadAction\",\"target\":[\"https:\\\/\\\/zorn.se\\\/en\\\/welcome\\\/\"]}]},{\"@type\":\"ImageObject\",\"inLanguage\":\"en-US\",\"@id\":\"https:\\\/\\\/zorn.se\\\/en\\\/welcome\\\/#primaryimage\",\"url\":\"https:\\\/\\\/zorn.se\\\/wp-content\\\/uploads\\\/2023\\\/01\\\/Oversiktskarta-300x212.png\",\"contentUrl\":\"https:\\\/\\\/zorn.se\\\/wp-content\\\/uploads\\\/2023\\\/01\\\/Oversiktskarta-300x212.png\"},{\"@type\":\"BreadcrumbList\",\"@id\":\"https:\\\/\\\/zorn.se\\\/en\\\/welcome\\\/#breadcrumb\",\"itemListElement\":[{\"@type\":\"ListItem\",\"position\":1,\"name\":\"Home\",\"item\":\"https:\\\/\\\/zorn.se\\\/en\\\/\"},{\"@type\":\"ListItem\",\"position\":2,\"name\":\"Welcome\"}]},{\"@type\":\"WebSite\",\"@id\":\"https:\\\/\\\/zorn.se\\\/en\\\/#website\",\"url\":\"https:\\\/\\\/zorn.se\\\/en\\\/\",\"name\":\"Zornmuseet\",\"description\":\"\",\"potentialAction\":[{\"@type\":\"SearchAction\",\"target\":{\"@type\":\"EntryPoint\",\"urlTemplate\":\"https:\\\/\\\/zorn.se\\\/en\\\/?s={search_term_string}\"},\"query-input\":{\"@type\":\"PropertyValueSpecification\",\"valueRequired\":true,\"valueName\":\"search_term_string\"}}],\"inLanguage\":\"en-US\"}]}<\/script>\n<!-- \/ Yoast SEO plugin. -->","yoast_head_json":{"title":"V\u00e4lkommen till Zornmuseet","description":"V\u00e4lkommen till Zornmuseet, Zorng\u00e5rden, Zorns gamelg\u00e5rd, Zorns textilkammare, Gopsmor, Caf\u00e9 Zorn","robots":{"index":"index","follow":"follow","max-snippet":"max-snippet:-1","max-image-preview":"max-image-preview:large","max-video-preview":"max-video-preview:-1"},"canonical":"https:\/\/zorn.se\/en\/welcome\/","og_locale":"en_US","og_type":"article","og_title":"V\u00e4lkommen till Zornmuseet","og_description":"V\u00e4lkommen till Zornmuseet, Zorng\u00e5rden, Zorns gamelg\u00e5rd, Zorns textilkammare, Gopsmor, Caf\u00e9 Zorn","og_url":"https:\/\/zorn.se\/en\/welcome\/","og_site_name":"Zornmuseet","article_publisher":"https:\/\/www.facebook.com\/zornmuseet\/?ref=bookmarks","article_modified_time":"2023-01-12T12:04:36+00:00","og_image":[{"url":"https:\/\/zorn.se\/wp-content\/uploads\/2023\/01\/Oversiktskarta-300x212.png","type":"","width":"","height":""}],"twitter_misc":{"Est. reading time":"1 minute"},"schema":{"@context":"https:\/\/schema.org","@graph":[{"@type":"WebPage","@id":"https:\/\/zorn.se\/en\/welcome\/","url":"https:\/\/zorn.se\/en\/welcome\/","name":"V\u00e4lkommen till Zornmuseet","isPartOf":{"@id":"https:\/\/zorn.se\/en\/#website"},"primaryImageOfPage":{"@id":"https:\/\/zorn.se\/en\/welcome\/#primaryimage"},"image":{"@id":"https:\/\/zorn.se\/en\/welcome\/#primaryimage"},"thumbnailUrl":"https:\/\/zorn.se\/wp-content\/uploads\/2023\/01\/Oversiktskarta-300x212.png","datePublished":"2014-08-25T12:18:03+00:00","dateModified":"2023-01-12T12:04:36+00:00","description":"V\u00e4lkommen till Zornmuseet, Zorng\u00e5rden, Zorns gamelg\u00e5rd, Zorns textilkammare, Gopsmor, Caf\u00e9 Zorn","breadcrumb":{"@id":"https:\/\/zorn.se\/en\/welcome\/#breadcrumb"},"inLanguage":"en-US","potentialAction":[{"@type":"ReadAction","target":["https:\/\/zorn.se\/en\/welcome\/"]}]},{"@type":"ImageObject","inLanguage":"en-US","@id":"https:\/\/zorn.se\/en\/welcome\/#primaryimage","url":"https:\/\/zorn.se\/wp-content\/uploads\/2023\/01\/Oversiktskarta-300x212.png","contentUrl":"https:\/\/zorn.se\/wp-content\/uploads\/2023\/01\/Oversiktskarta-300x212.png"},{"@type":"BreadcrumbList","@id":"https:\/\/zorn.se\/en\/welcome\/#breadcrumb","itemListElement":[{"@type":"ListItem","position":1,"name":"Home","item":"https:\/\/zorn.se\/en\/"},{"@type":"ListItem","position":2,"name":"Welcome"}]},{"@type":"WebSite","@id":"https:\/\/zorn.se\/en\/#website","url":"https:\/\/zorn.se\/en\/","name":"Zornmuseet","description":"","potentialAction":[{"@type":"SearchAction","target":{"@type":"EntryPoint","urlTemplate":"https:\/\/zorn.se\/en\/?s={search_term_string}"},"query-input":{"@type":"PropertyValueSpecification","valueRequired":true,"valueName":"search_term_string"}}],"inLanguage":"en-US"}]}},"_links":{"self":[{"href":"https:\/\/zorn.se\/en\/wp-json\/wp\/v2\/pages\/5373","targetHints":{"allow":["GET"]}}],"collection":[{"href":"https:\/\/zorn.se\/en\/wp-json\/wp\/v2\/pages"}],"about":[{"href":"https:\/\/zorn.se\/en\/wp-json\/wp\/v2\/types\/page"}],"author":[{"embeddable":true,"href":"https:\/\/zorn.se\/en\/wp-json\/wp\/v2\/users\/1001017"}],"replies":[{"embeddable":true,"href":"https:\/\/zorn.se\/en\/wp-json\/wp\/v2\/comments?post=5373"}],"version-history":[{"count":3,"href":"https:\/\/zorn.se\/en\/wp-json\/wp\/v2\/pages\/5373\/revisions"}],"predecessor-version":[{"id":9052,"href":"https:\/\/zorn.se\/en\/wp-json\/wp\/v2\/pages\/5373\/revisions\/9052"}],"wp:attachment":[{"href":"https:\/\/zorn.se\/en\/wp-json\/wp\/v2\/media?parent=5373"}],"curies":[{"name":"wp","href":"https:\/\/api.w.org\/{rel}","templated":true}]}}