{"id":515,"date":"2014-05-05T14:28:25","date_gmt":"2014-05-05T12:28:25","guid":{"rendered":"http:\/\/zorn.se\/?page_id=515"},"modified":"2021-03-01T14:22:28","modified_gmt":"2021-03-01T13:22:28","slug":"gopsmor","status":"publish","type":"page","link":"https:\/\/zorn.se\/en\/gopsmor\/","title":{"rendered":"Gopsmor"},"content":{"rendered":"<h1>Gopsmor<\/h1>\n<p>Few environments can offer as much peace and tranquility as Zorn\u2019s cabin at Gopsmor, a gorgeous place next to the clear and sparkling water of the \u00d6sterdal River between Mora and \u00c4lvdalen. It was here, at his combined fishing cabin and wilderness studio, that the artist withdrew in order to live a more humble life, and it was here he painted some of his most famous works. Come and experience the magical feeling of stepping straight into a Zorn painting!<\/p>\n<p>Gopsmor is located near the village of Garberg (\u00c4lvdalen municipality), 20 km north of Mora off highway 70. Follow the signs along the road.<\/p>\n","protected":false},"excerpt":{"rendered":"<p>Gopsmor Few environments can offer as much peace and tranquility [&hellip;]<\/p>\n","protected":false},"author":1001017,"featured_media":0,"parent":0,"menu_order":40,"comment_status":"closed","ping_status":"open","template":"","meta":{"_acf_changed":false,"footnotes":""},"class_list":["post-515","page","type-page","status-publish","hentry"],"acf":[],"yoast_head":"<!-- This site is optimized with the Yoast SEO plugin v27.4 - https:\/\/yoast.com\/product\/yoast-seo-wordpress\/ -->\n<title>Gopsmor d\u00e4r Anders Zorn m\u00e5lade n\u00e5gra av sina mest omtyckta m\u00e5lningar<\/title>\n<meta name=\"description\" content=\"Gopsmor bel\u00e4gen intill \u00d6sterdal\u00e4lvens klara vatten norr om Mora i Dalarna, h\u00e4r levde Anders Zorn f\u00e4bodliv och m\u00e5lade bl.a &quot;Dans i Gopsmorsstugan&quot;.\" \/>\n<meta name=\"robots\" content=\"index, follow, max-snippet:-1, max-image-preview:large, max-video-preview:-1\" \/>\n<link rel=\"canonical\" href=\"https:\/\/zorn.se\/en\/gopsmor\/\" \/>\n<meta property=\"og:locale\" content=\"en_US\" \/>\n<meta property=\"og:type\" content=\"article\" \/>\n<meta property=\"og:title\" content=\"Gopsmor d\u00e4r Anders Zorn m\u00e5lade n\u00e5gra av sina mest omtyckta m\u00e5lningar\" \/>\n<meta property=\"og:description\" content=\"Gopsmor bel\u00e4gen intill \u00d6sterdal\u00e4lvens klara vatten norr om Mora i Dalarna, h\u00e4r levde Anders Zorn f\u00e4bodliv och m\u00e5lade bl.a &quot;Dans i Gopsmorsstugan&quot;.\" \/>\n<meta property=\"og:url\" content=\"https:\/\/zorn.se\/en\/gopsmor\/\" \/>\n<meta property=\"og:site_name\" content=\"Zornmuseet\" \/>\n<meta property=\"article:publisher\" content=\"https:\/\/www.facebook.com\/zornmuseet\/?ref=bookmarks\" \/>\n<meta property=\"article:modified_time\" content=\"2021-03-01T13:22:28+00:00\" \/>\n<meta property=\"og:image\" content=\"https:\/\/zorn.se\/wp-content\/uploads\/2014\/05\/zorn-gopsmor.jpg\" \/>\n<meta name=\"twitter:label1\" content=\"Est. reading time\" \/>\n\t<meta name=\"twitter:data1\" content=\"1 minute\" \/>\n<script type=\"application\/ld+json\" class=\"yoast-schema-graph\">{\"@context\":\"https:\\\/\\\/schema.org\",\"@graph\":[{\"@type\":\"WebPage\",\"@id\":\"https:\\\/\\\/zorn.se\\\/en\\\/gopsmor\\\/\",\"url\":\"https:\\\/\\\/zorn.se\\\/en\\\/gopsmor\\\/\",\"name\":\"Gopsmor d\u00e4r Anders Zorn m\u00e5lade n\u00e5gra av sina mest omtyckta m\u00e5lningar\",\"isPartOf\":{\"@id\":\"https:\\\/\\\/zorn.se\\\/en\\\/#website\"},\"datePublished\":\"2014-05-05T12:28:25+00:00\",\"dateModified\":\"2021-03-01T13:22:28+00:00\",\"description\":\"Gopsmor bel\u00e4gen intill \u00d6sterdal\u00e4lvens klara vatten norr om Mora i Dalarna, h\u00e4r levde Anders Zorn f\u00e4bodliv och m\u00e5lade bl.a \\\"Dans i Gopsmorsstugan\\\".\",\"breadcrumb\":{\"@id\":\"https:\\\/\\\/zorn.se\\\/en\\\/gopsmor\\\/#breadcrumb\"},\"inLanguage\":\"en-US\",\"potentialAction\":[{\"@type\":\"ReadAction\",\"target\":[\"https:\\\/\\\/zorn.se\\\/en\\\/gopsmor\\\/\"]}]},{\"@type\":\"BreadcrumbList\",\"@id\":\"https:\\\/\\\/zorn.se\\\/en\\\/gopsmor\\\/#breadcrumb\",\"itemListElement\":[{\"@type\":\"ListItem\",\"position\":1,\"name\":\"Home\",\"item\":\"https:\\\/\\\/zorn.se\\\/en\\\/\"},{\"@type\":\"ListItem\",\"position\":2,\"name\":\"Gopsmor\"}]},{\"@type\":\"WebSite\",\"@id\":\"https:\\\/\\\/zorn.se\\\/en\\\/#website\",\"url\":\"https:\\\/\\\/zorn.se\\\/en\\\/\",\"name\":\"Zornmuseet\",\"description\":\"\",\"potentialAction\":[{\"@type\":\"SearchAction\",\"target\":{\"@type\":\"EntryPoint\",\"urlTemplate\":\"https:\\\/\\\/zorn.se\\\/en\\\/?s={search_term_string}\"},\"query-input\":{\"@type\":\"PropertyValueSpecification\",\"valueRequired\":true,\"valueName\":\"search_term_string\"}}],\"inLanguage\":\"en-US\"}]}<\/script>\n<!-- \/ Yoast SEO plugin. -->","yoast_head_json":{"title":"Gopsmor d\u00e4r Anders Zorn m\u00e5lade n\u00e5gra av sina mest omtyckta m\u00e5lningar","description":"Gopsmor bel\u00e4gen intill \u00d6sterdal\u00e4lvens klara vatten norr om Mora i Dalarna, h\u00e4r levde Anders Zorn f\u00e4bodliv och m\u00e5lade bl.a \"Dans i Gopsmorsstugan\".","robots":{"index":"index","follow":"follow","max-snippet":"max-snippet:-1","max-image-preview":"max-image-preview:large","max-video-preview":"max-video-preview:-1"},"canonical":"https:\/\/zorn.se\/en\/gopsmor\/","og_locale":"en_US","og_type":"article","og_title":"Gopsmor d\u00e4r Anders Zorn m\u00e5lade n\u00e5gra av sina mest omtyckta m\u00e5lningar","og_description":"Gopsmor bel\u00e4gen intill \u00d6sterdal\u00e4lvens klara vatten norr om Mora i Dalarna, h\u00e4r levde Anders Zorn f\u00e4bodliv och m\u00e5lade bl.a \"Dans i Gopsmorsstugan\".","og_url":"https:\/\/zorn.se\/en\/gopsmor\/","og_site_name":"Zornmuseet","article_publisher":"https:\/\/www.facebook.com\/zornmuseet\/?ref=bookmarks","article_modified_time":"2021-03-01T13:22:28+00:00","og_image":[{"url":"https:\/\/zorn.se\/wp-content\/uploads\/2014\/05\/zorn-gopsmor.jpg","type":"","width":"","height":""}],"twitter_misc":{"Est. reading time":"1 minute"},"schema":{"@context":"https:\/\/schema.org","@graph":[{"@type":"WebPage","@id":"https:\/\/zorn.se\/en\/gopsmor\/","url":"https:\/\/zorn.se\/en\/gopsmor\/","name":"Gopsmor d\u00e4r Anders Zorn m\u00e5lade n\u00e5gra av sina mest omtyckta m\u00e5lningar","isPartOf":{"@id":"https:\/\/zorn.se\/en\/#website"},"datePublished":"2014-05-05T12:28:25+00:00","dateModified":"2021-03-01T13:22:28+00:00","description":"Gopsmor bel\u00e4gen intill \u00d6sterdal\u00e4lvens klara vatten norr om Mora i Dalarna, h\u00e4r levde Anders Zorn f\u00e4bodliv och m\u00e5lade bl.a \"Dans i Gopsmorsstugan\".","breadcrumb":{"@id":"https:\/\/zorn.se\/en\/gopsmor\/#breadcrumb"},"inLanguage":"en-US","potentialAction":[{"@type":"ReadAction","target":["https:\/\/zorn.se\/en\/gopsmor\/"]}]},{"@type":"BreadcrumbList","@id":"https:\/\/zorn.se\/en\/gopsmor\/#breadcrumb","itemListElement":[{"@type":"ListItem","position":1,"name":"Home","item":"https:\/\/zorn.se\/en\/"},{"@type":"ListItem","position":2,"name":"Gopsmor"}]},{"@type":"WebSite","@id":"https:\/\/zorn.se\/en\/#website","url":"https:\/\/zorn.se\/en\/","name":"Zornmuseet","description":"","potentialAction":[{"@type":"SearchAction","target":{"@type":"EntryPoint","urlTemplate":"https:\/\/zorn.se\/en\/?s={search_term_string}"},"query-input":{"@type":"PropertyValueSpecification","valueRequired":true,"valueName":"search_term_string"}}],"inLanguage":"en-US"}]}},"_links":{"self":[{"href":"https:\/\/zorn.se\/en\/wp-json\/wp\/v2\/pages\/515","targetHints":{"allow":["GET"]}}],"collection":[{"href":"https:\/\/zorn.se\/en\/wp-json\/wp\/v2\/pages"}],"about":[{"href":"https:\/\/zorn.se\/en\/wp-json\/wp\/v2\/types\/page"}],"author":[{"embeddable":true,"href":"https:\/\/zorn.se\/en\/wp-json\/wp\/v2\/users\/1001017"}],"replies":[{"embeddable":true,"href":"https:\/\/zorn.se\/en\/wp-json\/wp\/v2\/comments?post=515"}],"version-history":[{"count":15,"href":"https:\/\/zorn.se\/en\/wp-json\/wp\/v2\/pages\/515\/revisions"}],"predecessor-version":[{"id":7138,"href":"https:\/\/zorn.se\/en\/wp-json\/wp\/v2\/pages\/515\/revisions\/7138"}],"wp:attachment":[{"href":"https:\/\/zorn.se\/en\/wp-json\/wp\/v2\/media?parent=515"}],"curies":[{"name":"wp","href":"https:\/\/api.w.org\/{rel}","templated":true}]}}