{"id":513,"date":"2014-05-05T14:27:12","date_gmt":"2014-05-05T12:27:12","guid":{"rendered":"http:\/\/zorn.se\/?page_id=513"},"modified":"2025-04-17T09:17:01","modified_gmt":"2025-04-17T07:17:01","slug":"zorns-gammelgard","status":"publish","type":"page","link":"https:\/\/zorn.se\/en\/zorns-gammelgard\/","title":{"rendered":"Zorn\u2019s Gammelg\u00e5rd"},"content":{"rendered":"<h1>Zorn\u2019s Gammelg\u00e5rd<\/h1>\n<p>One kilometer from the Zorn Museum, beautifully situated on the shore of Lake Siljan, lies Zorn\u2019s Gammelg\u00e5rd (Zorn\u2019s old farm), established by Anders Zorn himself. This spectacular open-air museum boasts Sweden\u2019s finest collection of historical timber houses, including the country\u2019s oldest, dating from 1237. Visitors can enter the historical houses, cabins and lofts and imagine how people in the region of Dalarna lived in the past \u2013 a way of life that connected back to the Viking era!<\/p>\n<p>At Textilkammaren (the textile chamber) beautiful folk textiles and costumes from Emma and Anders Zorn\u2019s collections are on display, along with examples of braiding, hair jewelry and clothing, used for both everyday as well as formal occasions.<\/p>\n<p><a href=\"https:\/\/zornmuseet.biljetto.se\/?lang=EN\"><b>Book your visit here<\/b><\/a><\/p>\n<p>&nbsp;<\/p>\n<p><strong>Address:<\/strong> Yvradsv\u00e4gen 3, Mora<br \/>\nLatitude: 60.998156|Longitude: 14.543999<\/p>\n","protected":false},"excerpt":{"rendered":"<p>Zorn\u2019s Gammelg\u00e5rd One kilometer from the Zorn Museum, beautifully situated [&hellip;]<\/p>\n","protected":false},"author":1001017,"featured_media":0,"parent":0,"menu_order":30,"comment_status":"closed","ping_status":"open","template":"","meta":{"_acf_changed":false,"footnotes":""},"class_list":["post-513","page","type-page","status-publish","hentry"],"acf":[],"yoast_head":"<!-- This site is optimized with the Yoast SEO plugin v27.3 - https:\/\/yoast.com\/product\/yoast-seo-wordpress\/ -->\n<title>Zorns gammelg\u00e5rd och Textilkammaren<\/title>\n<meta name=\"description\" content=\"Vackert bel\u00e4gen vid Siljans strand i Mora ligger Zorns gammelg\u00e5rd, ett 40-tal byggnader bildar tillsammans Sveriges finaste samling av \u00e4ldre timmerhus\" \/>\n<meta name=\"robots\" content=\"index, follow, max-snippet:-1, max-image-preview:large, max-video-preview:-1\" \/>\n<link rel=\"canonical\" href=\"https:\/\/zorn.se\/en\/zorns-gammelgard\/\" \/>\n<meta property=\"og:locale\" content=\"en_US\" \/>\n<meta property=\"og:type\" content=\"article\" \/>\n<meta property=\"og:title\" content=\"Zorns gammelg\u00e5rd och Textilkammaren\" \/>\n<meta property=\"og:description\" content=\"Vackert bel\u00e4gen vid Siljans strand i Mora ligger Zorns gammelg\u00e5rd, ett 40-tal byggnader bildar tillsammans Sveriges finaste samling av \u00e4ldre timmerhus\" \/>\n<meta property=\"og:url\" content=\"https:\/\/zorn.se\/en\/zorns-gammelgard\/\" \/>\n<meta property=\"og:site_name\" content=\"Zornmuseet\" \/>\n<meta property=\"article:publisher\" content=\"https:\/\/www.facebook.com\/zornmuseet\/?ref=bookmarks\" \/>\n<meta property=\"article:modified_time\" content=\"2025-04-17T07:17:01+00:00\" \/>\n<meta property=\"og:image\" content=\"https:\/\/zorn.se\/wp-content\/uploads\/2014\/05\/zornsgamelgard.jpg\" \/>\n<meta name=\"twitter:label1\" content=\"Est. reading time\" \/>\n\t<meta name=\"twitter:data1\" content=\"1 minute\" \/>\n<script type=\"application\/ld+json\" class=\"yoast-schema-graph\">{\"@context\":\"https:\\\/\\\/schema.org\",\"@graph\":[{\"@type\":\"WebPage\",\"@id\":\"https:\\\/\\\/zorn.se\\\/en\\\/zorns-gammelgard\\\/\",\"url\":\"https:\\\/\\\/zorn.se\\\/en\\\/zorns-gammelgard\\\/\",\"name\":\"Zorns gammelg\u00e5rd och Textilkammaren\",\"isPartOf\":{\"@id\":\"https:\\\/\\\/zorn.se\\\/en\\\/#website\"},\"datePublished\":\"2014-05-05T12:27:12+00:00\",\"dateModified\":\"2025-04-17T07:17:01+00:00\",\"description\":\"Vackert bel\u00e4gen vid Siljans strand i Mora ligger Zorns gammelg\u00e5rd, ett 40-tal byggnader bildar tillsammans Sveriges finaste samling av \u00e4ldre timmerhus\",\"breadcrumb\":{\"@id\":\"https:\\\/\\\/zorn.se\\\/en\\\/zorns-gammelgard\\\/#breadcrumb\"},\"inLanguage\":\"en-US\",\"potentialAction\":[{\"@type\":\"ReadAction\",\"target\":[\"https:\\\/\\\/zorn.se\\\/en\\\/zorns-gammelgard\\\/\"]}]},{\"@type\":\"BreadcrumbList\",\"@id\":\"https:\\\/\\\/zorn.se\\\/en\\\/zorns-gammelgard\\\/#breadcrumb\",\"itemListElement\":[{\"@type\":\"ListItem\",\"position\":1,\"name\":\"Home\",\"item\":\"https:\\\/\\\/zorn.se\\\/en\\\/\"},{\"@type\":\"ListItem\",\"position\":2,\"name\":\"Zorn\u2019s Gammelg\u00e5rd\"}]},{\"@type\":\"WebSite\",\"@id\":\"https:\\\/\\\/zorn.se\\\/en\\\/#website\",\"url\":\"https:\\\/\\\/zorn.se\\\/en\\\/\",\"name\":\"Zornmuseet\",\"description\":\"\",\"potentialAction\":[{\"@type\":\"SearchAction\",\"target\":{\"@type\":\"EntryPoint\",\"urlTemplate\":\"https:\\\/\\\/zorn.se\\\/en\\\/?s={search_term_string}\"},\"query-input\":{\"@type\":\"PropertyValueSpecification\",\"valueRequired\":true,\"valueName\":\"search_term_string\"}}],\"inLanguage\":\"en-US\"}]}<\/script>\n<!-- \/ Yoast SEO plugin. -->","yoast_head_json":{"title":"Zorns gammelg\u00e5rd och Textilkammaren","description":"Vackert bel\u00e4gen vid Siljans strand i Mora ligger Zorns gammelg\u00e5rd, ett 40-tal byggnader bildar tillsammans Sveriges finaste samling av \u00e4ldre timmerhus","robots":{"index":"index","follow":"follow","max-snippet":"max-snippet:-1","max-image-preview":"max-image-preview:large","max-video-preview":"max-video-preview:-1"},"canonical":"https:\/\/zorn.se\/en\/zorns-gammelgard\/","og_locale":"en_US","og_type":"article","og_title":"Zorns gammelg\u00e5rd och Textilkammaren","og_description":"Vackert bel\u00e4gen vid Siljans strand i Mora ligger Zorns gammelg\u00e5rd, ett 40-tal byggnader bildar tillsammans Sveriges finaste samling av \u00e4ldre timmerhus","og_url":"https:\/\/zorn.se\/en\/zorns-gammelgard\/","og_site_name":"Zornmuseet","article_publisher":"https:\/\/www.facebook.com\/zornmuseet\/?ref=bookmarks","article_modified_time":"2025-04-17T07:17:01+00:00","og_image":[{"url":"https:\/\/zorn.se\/wp-content\/uploads\/2014\/05\/zornsgamelgard.jpg","type":"","width":"","height":""}],"twitter_misc":{"Est. reading time":"1 minute"},"schema":{"@context":"https:\/\/schema.org","@graph":[{"@type":"WebPage","@id":"https:\/\/zorn.se\/en\/zorns-gammelgard\/","url":"https:\/\/zorn.se\/en\/zorns-gammelgard\/","name":"Zorns gammelg\u00e5rd och Textilkammaren","isPartOf":{"@id":"https:\/\/zorn.se\/en\/#website"},"datePublished":"2014-05-05T12:27:12+00:00","dateModified":"2025-04-17T07:17:01+00:00","description":"Vackert bel\u00e4gen vid Siljans strand i Mora ligger Zorns gammelg\u00e5rd, ett 40-tal byggnader bildar tillsammans Sveriges finaste samling av \u00e4ldre timmerhus","breadcrumb":{"@id":"https:\/\/zorn.se\/en\/zorns-gammelgard\/#breadcrumb"},"inLanguage":"en-US","potentialAction":[{"@type":"ReadAction","target":["https:\/\/zorn.se\/en\/zorns-gammelgard\/"]}]},{"@type":"BreadcrumbList","@id":"https:\/\/zorn.se\/en\/zorns-gammelgard\/#breadcrumb","itemListElement":[{"@type":"ListItem","position":1,"name":"Home","item":"https:\/\/zorn.se\/en\/"},{"@type":"ListItem","position":2,"name":"Zorn\u2019s Gammelg\u00e5rd"}]},{"@type":"WebSite","@id":"https:\/\/zorn.se\/en\/#website","url":"https:\/\/zorn.se\/en\/","name":"Zornmuseet","description":"","potentialAction":[{"@type":"SearchAction","target":{"@type":"EntryPoint","urlTemplate":"https:\/\/zorn.se\/en\/?s={search_term_string}"},"query-input":{"@type":"PropertyValueSpecification","valueRequired":true,"valueName":"search_term_string"}}],"inLanguage":"en-US"}]}},"_links":{"self":[{"href":"https:\/\/zorn.se\/en\/wp-json\/wp\/v2\/pages\/513","targetHints":{"allow":["GET"]}}],"collection":[{"href":"https:\/\/zorn.se\/en\/wp-json\/wp\/v2\/pages"}],"about":[{"href":"https:\/\/zorn.se\/en\/wp-json\/wp\/v2\/types\/page"}],"author":[{"embeddable":true,"href":"https:\/\/zorn.se\/en\/wp-json\/wp\/v2\/users\/1001017"}],"replies":[{"embeddable":true,"href":"https:\/\/zorn.se\/en\/wp-json\/wp\/v2\/comments?post=513"}],"version-history":[{"count":45,"href":"https:\/\/zorn.se\/en\/wp-json\/wp\/v2\/pages\/513\/revisions"}],"predecessor-version":[{"id":10171,"href":"https:\/\/zorn.se\/en\/wp-json\/wp\/v2\/pages\/513\/revisions\/10171"}],"wp:attachment":[{"href":"https:\/\/zorn.se\/en\/wp-json\/wp\/v2\/media?parent=513"}],"curies":[{"name":"wp","href":"https:\/\/api.w.org\/{rel}","templated":true}]}}