{"id":509,"date":"2014-05-05T14:22:44","date_gmt":"2014-05-05T12:22:44","guid":{"rendered":"http:\/\/zorn.se\/?page_id=509"},"modified":"2018-08-28T12:58:09","modified_gmt":"2018-08-28T10:58:09","slug":"zorn-museum","status":"publish","type":"page","link":"https:\/\/zorn.se\/en\/zorn-museum\/","title":{"rendered":"Zorn Museum"},"content":{"rendered":"<h1>Zorn Museum<\/h1>\n<p>The Zorn Museum has the world\u2019s largest collection of works by artist Anders Zorn (1860\u20131920). Watercolors, oil paintings, sculptures, drawings, and etchings by the famous Swede are always on display, as well as parts of his vast art collections. The museum also produces temporary exhibitions several times each year.<\/p>\n<p>The Zorn Museum was opened in 1939 in a building designed by Swedish architect, Ragnar \u00d6stberg, known best for Stockholm City Hall among his other works.<\/p>\n<p>&nbsp;<\/p>\n<p>&nbsp;<\/p>\n<p>&nbsp;<\/p>\n<p>&nbsp;<\/p>\n<p>&nbsp;<\/p>\n","protected":false},"excerpt":{"rendered":"<p>Zorn Museum The Zorn Museum has the world\u2019s largest collection [&hellip;]<\/p>\n","protected":false},"author":1001017,"featured_media":0,"parent":0,"menu_order":10,"comment_status":"closed","ping_status":"open","template":"","meta":{"_acf_changed":false,"footnotes":""},"class_list":["post-509","page","type-page","status-publish","hentry"],"acf":[],"yoast_head":"<!-- This site is optimized with the Yoast SEO plugin v27.4 - https:\/\/yoast.com\/product\/yoast-seo-wordpress\/ -->\n<title>Zornmuseet \u00e4ger v\u00e4rldens st\u00f6rsta samling verk av konstn\u00e4ren Anders Zorn<\/title>\n<meta name=\"description\" content=\"Ingen har m\u00e5lat vatten som Anders Zorn, skapat portr\u00e4tt med samma bravur eller \u00e5tergett kvinnor lika sensuellt som Zorn. Bes\u00f6k Zornmuseet i Mora.\" \/>\n<meta name=\"robots\" content=\"index, follow, max-snippet:-1, max-image-preview:large, max-video-preview:-1\" \/>\n<link rel=\"canonical\" href=\"https:\/\/zorn.se\/en\/zorn-museum\/\" \/>\n<meta property=\"og:locale\" content=\"en_US\" \/>\n<meta property=\"og:type\" content=\"article\" \/>\n<meta property=\"og:title\" content=\"Zornmuseet \u00e4ger v\u00e4rldens st\u00f6rsta samling verk av konstn\u00e4ren Anders Zorn\" \/>\n<meta property=\"og:description\" content=\"Zornmuseet \u00e4ger v\u00e4rldens st\u00f6rsta samling verk av konstn\u00e4ren Anders Zorn\" \/>\n<meta property=\"og:url\" content=\"https:\/\/zorn.se\/en\/zorn-museum\/\" \/>\n<meta property=\"og:site_name\" content=\"Zornmuseet\" \/>\n<meta property=\"article:publisher\" content=\"https:\/\/www.facebook.com\/zornmuseet\/?ref=bookmarks\" \/>\n<meta property=\"article:modified_time\" content=\"2018-08-28T10:58:09+00:00\" \/>\n<meta property=\"og:image\" content=\"https:\/\/zorn.se\/wp-content\/uploads\/2014\/01\/DSCF0703-kopia.jpeg\" \/>\n<script type=\"application\/ld+json\" class=\"yoast-schema-graph\">{\"@context\":\"https:\\\/\\\/schema.org\",\"@graph\":[{\"@type\":\"WebPage\",\"@id\":\"https:\\\/\\\/zorn.se\\\/en\\\/zorn-museum\\\/\",\"url\":\"https:\\\/\\\/zorn.se\\\/en\\\/zorn-museum\\\/\",\"name\":\"Zornmuseet \u00e4ger v\u00e4rldens st\u00f6rsta samling verk av konstn\u00e4ren Anders Zorn\",\"isPartOf\":{\"@id\":\"https:\\\/\\\/zorn.se\\\/en\\\/#website\"},\"datePublished\":\"2014-05-05T12:22:44+00:00\",\"dateModified\":\"2018-08-28T10:58:09+00:00\",\"description\":\"Ingen har m\u00e5lat vatten som Anders Zorn, skapat portr\u00e4tt med samma bravur eller \u00e5tergett kvinnor lika sensuellt som Zorn. Bes\u00f6k Zornmuseet i Mora.\",\"breadcrumb\":{\"@id\":\"https:\\\/\\\/zorn.se\\\/en\\\/zorn-museum\\\/#breadcrumb\"},\"inLanguage\":\"en-US\",\"potentialAction\":[{\"@type\":\"ReadAction\",\"target\":[\"https:\\\/\\\/zorn.se\\\/en\\\/zorn-museum\\\/\"]}]},{\"@type\":\"BreadcrumbList\",\"@id\":\"https:\\\/\\\/zorn.se\\\/en\\\/zorn-museum\\\/#breadcrumb\",\"itemListElement\":[{\"@type\":\"ListItem\",\"position\":1,\"name\":\"Home\",\"item\":\"https:\\\/\\\/zorn.se\\\/en\\\/\"},{\"@type\":\"ListItem\",\"position\":2,\"name\":\"Zorn Museum\"}]},{\"@type\":\"WebSite\",\"@id\":\"https:\\\/\\\/zorn.se\\\/en\\\/#website\",\"url\":\"https:\\\/\\\/zorn.se\\\/en\\\/\",\"name\":\"Zornmuseet\",\"description\":\"\",\"potentialAction\":[{\"@type\":\"SearchAction\",\"target\":{\"@type\":\"EntryPoint\",\"urlTemplate\":\"https:\\\/\\\/zorn.se\\\/en\\\/?s={search_term_string}\"},\"query-input\":{\"@type\":\"PropertyValueSpecification\",\"valueRequired\":true,\"valueName\":\"search_term_string\"}}],\"inLanguage\":\"en-US\"}]}<\/script>\n<!-- \/ Yoast SEO plugin. -->","yoast_head_json":{"title":"Zornmuseet \u00e4ger v\u00e4rldens st\u00f6rsta samling verk av konstn\u00e4ren Anders Zorn","description":"Ingen har m\u00e5lat vatten som Anders Zorn, skapat portr\u00e4tt med samma bravur eller \u00e5tergett kvinnor lika sensuellt som Zorn. Bes\u00f6k Zornmuseet i Mora.","robots":{"index":"index","follow":"follow","max-snippet":"max-snippet:-1","max-image-preview":"max-image-preview:large","max-video-preview":"max-video-preview:-1"},"canonical":"https:\/\/zorn.se\/en\/zorn-museum\/","og_locale":"en_US","og_type":"article","og_title":"Zornmuseet \u00e4ger v\u00e4rldens st\u00f6rsta samling verk av konstn\u00e4ren Anders Zorn","og_description":"Zornmuseet \u00e4ger v\u00e4rldens st\u00f6rsta samling verk av konstn\u00e4ren Anders Zorn","og_url":"https:\/\/zorn.se\/en\/zorn-museum\/","og_site_name":"Zornmuseet","article_publisher":"https:\/\/www.facebook.com\/zornmuseet\/?ref=bookmarks","article_modified_time":"2018-08-28T10:58:09+00:00","og_image":[{"url":"https:\/\/zorn.se\/wp-content\/uploads\/2014\/01\/DSCF0703-kopia.jpeg","type":"","width":"","height":""}],"schema":{"@context":"https:\/\/schema.org","@graph":[{"@type":"WebPage","@id":"https:\/\/zorn.se\/en\/zorn-museum\/","url":"https:\/\/zorn.se\/en\/zorn-museum\/","name":"Zornmuseet \u00e4ger v\u00e4rldens st\u00f6rsta samling verk av konstn\u00e4ren Anders Zorn","isPartOf":{"@id":"https:\/\/zorn.se\/en\/#website"},"datePublished":"2014-05-05T12:22:44+00:00","dateModified":"2018-08-28T10:58:09+00:00","description":"Ingen har m\u00e5lat vatten som Anders Zorn, skapat portr\u00e4tt med samma bravur eller \u00e5tergett kvinnor lika sensuellt som Zorn. Bes\u00f6k Zornmuseet i Mora.","breadcrumb":{"@id":"https:\/\/zorn.se\/en\/zorn-museum\/#breadcrumb"},"inLanguage":"en-US","potentialAction":[{"@type":"ReadAction","target":["https:\/\/zorn.se\/en\/zorn-museum\/"]}]},{"@type":"BreadcrumbList","@id":"https:\/\/zorn.se\/en\/zorn-museum\/#breadcrumb","itemListElement":[{"@type":"ListItem","position":1,"name":"Home","item":"https:\/\/zorn.se\/en\/"},{"@type":"ListItem","position":2,"name":"Zorn Museum"}]},{"@type":"WebSite","@id":"https:\/\/zorn.se\/en\/#website","url":"https:\/\/zorn.se\/en\/","name":"Zornmuseet","description":"","potentialAction":[{"@type":"SearchAction","target":{"@type":"EntryPoint","urlTemplate":"https:\/\/zorn.se\/en\/?s={search_term_string}"},"query-input":{"@type":"PropertyValueSpecification","valueRequired":true,"valueName":"search_term_string"}}],"inLanguage":"en-US"}]}},"_links":{"self":[{"href":"https:\/\/zorn.se\/en\/wp-json\/wp\/v2\/pages\/509","targetHints":{"allow":["GET"]}}],"collection":[{"href":"https:\/\/zorn.se\/en\/wp-json\/wp\/v2\/pages"}],"about":[{"href":"https:\/\/zorn.se\/en\/wp-json\/wp\/v2\/types\/page"}],"author":[{"embeddable":true,"href":"https:\/\/zorn.se\/en\/wp-json\/wp\/v2\/users\/1001017"}],"replies":[{"embeddable":true,"href":"https:\/\/zorn.se\/en\/wp-json\/wp\/v2\/comments?post=509"}],"version-history":[{"count":16,"href":"https:\/\/zorn.se\/en\/wp-json\/wp\/v2\/pages\/509\/revisions"}],"predecessor-version":[{"id":5637,"href":"https:\/\/zorn.se\/en\/wp-json\/wp\/v2\/pages\/509\/revisions\/5637"}],"wp:attachment":[{"href":"https:\/\/zorn.se\/en\/wp-json\/wp\/v2\/media?parent=509"}],"curies":[{"name":"wp","href":"https:\/\/api.w.org\/{rel}","templated":true}]}}