{"id":505,"date":"2014-04-10T14:53:00","date_gmt":"2014-04-10T12:53:00","guid":{"rendered":"http:\/\/zorn.se\/?page_id=505"},"modified":"2018-05-30T13:45:44","modified_gmt":"2018-05-30T11:45:44","slug":"support-us","status":"publish","type":"page","link":"https:\/\/zorn.se\/en\/support-us\/","title":{"rendered":"Support us"},"content":{"rendered":"<h1>Support us<\/h1>\n<p>Would you like to help us guarantee the preservation of a unique treasure for future generations? We can offer a range of attractive sponsorship opportunities at various levels of commitment.<\/p>\n<p>Since the inception of the Zorn Collections in 1942, Uppsala University has served as one of its institutional trustees, and since 2008, the non-profit US-based organization <em>American Friends of Uppsala University<\/em> (www.afuu.org) acts as a partner of the Zorn Collections.<\/p>\n<h3>Your Donation is Tax Deductible<\/h3>\n<p>American Friends of Uppsala University is tax\/exempt as a charitable organization by the Internal Revenue Service under section 501 (c) (3) of the Internal Revenue Code. Contributions to the Zorn Collections through American Friends of Uppsala University are deductible by donors as provided by law.<br \/>\nTo make a donation to the Zorn Collections by check, please make the check payable to:<br \/>\nAmerican Friends of Uppsala University<br \/>\nc\/o The Swedish-American Chamber of Commerce in New York<br \/>\n570 Lexington Ave., 20th Floor<br \/>\nNew York<br \/>\nNY 10022<\/p>\n<p>Purpose: Please specify \u201cZorn Collections\u201d<br \/>\nIf you have any questions about donating or sponsorship, please contact<br \/>\nolof.bruno@saccny.org or call +1 212 838 2781<br \/>\njohan.cederlund@zorn.se or call +46 250 59 23 10<\/p>\n","protected":false},"excerpt":{"rendered":"<p>Support us Would you like to help us guarantee the [&hellip;]<\/p>\n","protected":false},"author":1001017,"featured_media":0,"parent":0,"menu_order":80,"comment_status":"closed","ping_status":"open","template":"","meta":{"_acf_changed":false,"footnotes":""},"class_list":["post-505","page","type-page","status-publish","hentry"],"acf":[],"yoast_head":"<!-- This site is optimized with the Yoast SEO plugin v27.3 - https:\/\/yoast.com\/product\/yoast-seo-wordpress\/ -->\n<title>St\u00f6d oss Zornmuseet som partners f\u00e5r man tillg\u00e5ng till ett unikt forum<\/title>\n<meta name=\"description\" content=\"Zornmuseets partners f\u00e5r tillg\u00e5ng till en fantastisk milj\u00f6 f\u00f6r kundm\u00f6ten, personaltillst\u00e4llningar och andra aktiviteter. Via utst\u00e4llningar, temakv\u00e4llar..\" \/>\n<meta name=\"robots\" content=\"index, follow, max-snippet:-1, max-image-preview:large, max-video-preview:-1\" \/>\n<link rel=\"canonical\" href=\"https:\/\/zorn.se\/en\/support-us\/\" \/>\n<meta property=\"og:locale\" content=\"en_US\" \/>\n<meta property=\"og:type\" content=\"article\" \/>\n<meta property=\"og:title\" content=\"St\u00f6d oss Zornmuseet som partners f\u00e5r man tillg\u00e5ng till ett unikt forum\" \/>\n<meta property=\"og:description\" content=\"Zornmuseets partners f\u00e5r tillg\u00e5ng till en fantastisk milj\u00f6 f\u00f6r kundm\u00f6ten, personaltillst\u00e4llnigar och andra aktiviteter. Via utst\u00e4llningar, temakv\u00e4llar..\" \/>\n<meta property=\"og:url\" content=\"https:\/\/zorn.se\/en\/support-us\/\" \/>\n<meta property=\"og:site_name\" content=\"Zornmuseet\" \/>\n<meta property=\"article:publisher\" content=\"https:\/\/www.facebook.com\/zornmuseet\/?ref=bookmarks\" \/>\n<meta property=\"article:modified_time\" content=\"2018-05-30T11:45:44+00:00\" \/>\n<meta name=\"twitter:label1\" content=\"Est. reading time\" \/>\n\t<meta name=\"twitter:data1\" content=\"1 minute\" \/>\n<script type=\"application\/ld+json\" class=\"yoast-schema-graph\">{\"@context\":\"https:\\\/\\\/schema.org\",\"@graph\":[{\"@type\":\"WebPage\",\"@id\":\"https:\\\/\\\/zorn.se\\\/en\\\/support-us\\\/\",\"url\":\"https:\\\/\\\/zorn.se\\\/en\\\/support-us\\\/\",\"name\":\"St\u00f6d oss Zornmuseet som partners f\u00e5r man tillg\u00e5ng till ett unikt forum\",\"isPartOf\":{\"@id\":\"https:\\\/\\\/zorn.se\\\/en\\\/#website\"},\"datePublished\":\"2014-04-10T12:53:00+00:00\",\"dateModified\":\"2018-05-30T11:45:44+00:00\",\"description\":\"Zornmuseets partners f\u00e5r tillg\u00e5ng till en fantastisk milj\u00f6 f\u00f6r kundm\u00f6ten, personaltillst\u00e4llningar och andra aktiviteter. Via utst\u00e4llningar, temakv\u00e4llar..\",\"breadcrumb\":{\"@id\":\"https:\\\/\\\/zorn.se\\\/en\\\/support-us\\\/#breadcrumb\"},\"inLanguage\":\"en-US\",\"potentialAction\":[{\"@type\":\"ReadAction\",\"target\":[\"https:\\\/\\\/zorn.se\\\/en\\\/support-us\\\/\"]}]},{\"@type\":\"BreadcrumbList\",\"@id\":\"https:\\\/\\\/zorn.se\\\/en\\\/support-us\\\/#breadcrumb\",\"itemListElement\":[{\"@type\":\"ListItem\",\"position\":1,\"name\":\"Home\",\"item\":\"https:\\\/\\\/zorn.se\\\/en\\\/\"},{\"@type\":\"ListItem\",\"position\":2,\"name\":\"Support us\"}]},{\"@type\":\"WebSite\",\"@id\":\"https:\\\/\\\/zorn.se\\\/en\\\/#website\",\"url\":\"https:\\\/\\\/zorn.se\\\/en\\\/\",\"name\":\"Zornmuseet\",\"description\":\"\",\"potentialAction\":[{\"@type\":\"SearchAction\",\"target\":{\"@type\":\"EntryPoint\",\"urlTemplate\":\"https:\\\/\\\/zorn.se\\\/en\\\/?s={search_term_string}\"},\"query-input\":{\"@type\":\"PropertyValueSpecification\",\"valueRequired\":true,\"valueName\":\"search_term_string\"}}],\"inLanguage\":\"en-US\"}]}<\/script>\n<!-- \/ Yoast SEO plugin. -->","yoast_head_json":{"title":"St\u00f6d oss Zornmuseet som partners f\u00e5r man tillg\u00e5ng till ett unikt forum","description":"Zornmuseets partners f\u00e5r tillg\u00e5ng till en fantastisk milj\u00f6 f\u00f6r kundm\u00f6ten, personaltillst\u00e4llningar och andra aktiviteter. Via utst\u00e4llningar, temakv\u00e4llar..","robots":{"index":"index","follow":"follow","max-snippet":"max-snippet:-1","max-image-preview":"max-image-preview:large","max-video-preview":"max-video-preview:-1"},"canonical":"https:\/\/zorn.se\/en\/support-us\/","og_locale":"en_US","og_type":"article","og_title":"St\u00f6d oss Zornmuseet som partners f\u00e5r man tillg\u00e5ng till ett unikt forum","og_description":"Zornmuseets partners f\u00e5r tillg\u00e5ng till en fantastisk milj\u00f6 f\u00f6r kundm\u00f6ten, personaltillst\u00e4llnigar och andra aktiviteter. Via utst\u00e4llningar, temakv\u00e4llar..","og_url":"https:\/\/zorn.se\/en\/support-us\/","og_site_name":"Zornmuseet","article_publisher":"https:\/\/www.facebook.com\/zornmuseet\/?ref=bookmarks","article_modified_time":"2018-05-30T11:45:44+00:00","twitter_misc":{"Est. reading time":"1 minute"},"schema":{"@context":"https:\/\/schema.org","@graph":[{"@type":"WebPage","@id":"https:\/\/zorn.se\/en\/support-us\/","url":"https:\/\/zorn.se\/en\/support-us\/","name":"St\u00f6d oss Zornmuseet som partners f\u00e5r man tillg\u00e5ng till ett unikt forum","isPartOf":{"@id":"https:\/\/zorn.se\/en\/#website"},"datePublished":"2014-04-10T12:53:00+00:00","dateModified":"2018-05-30T11:45:44+00:00","description":"Zornmuseets partners f\u00e5r tillg\u00e5ng till en fantastisk milj\u00f6 f\u00f6r kundm\u00f6ten, personaltillst\u00e4llningar och andra aktiviteter. Via utst\u00e4llningar, temakv\u00e4llar..","breadcrumb":{"@id":"https:\/\/zorn.se\/en\/support-us\/#breadcrumb"},"inLanguage":"en-US","potentialAction":[{"@type":"ReadAction","target":["https:\/\/zorn.se\/en\/support-us\/"]}]},{"@type":"BreadcrumbList","@id":"https:\/\/zorn.se\/en\/support-us\/#breadcrumb","itemListElement":[{"@type":"ListItem","position":1,"name":"Home","item":"https:\/\/zorn.se\/en\/"},{"@type":"ListItem","position":2,"name":"Support us"}]},{"@type":"WebSite","@id":"https:\/\/zorn.se\/en\/#website","url":"https:\/\/zorn.se\/en\/","name":"Zornmuseet","description":"","potentialAction":[{"@type":"SearchAction","target":{"@type":"EntryPoint","urlTemplate":"https:\/\/zorn.se\/en\/?s={search_term_string}"},"query-input":{"@type":"PropertyValueSpecification","valueRequired":true,"valueName":"search_term_string"}}],"inLanguage":"en-US"}]}},"_links":{"self":[{"href":"https:\/\/zorn.se\/en\/wp-json\/wp\/v2\/pages\/505","targetHints":{"allow":["GET"]}}],"collection":[{"href":"https:\/\/zorn.se\/en\/wp-json\/wp\/v2\/pages"}],"about":[{"href":"https:\/\/zorn.se\/en\/wp-json\/wp\/v2\/types\/page"}],"author":[{"embeddable":true,"href":"https:\/\/zorn.se\/en\/wp-json\/wp\/v2\/users\/1001017"}],"replies":[{"embeddable":true,"href":"https:\/\/zorn.se\/en\/wp-json\/wp\/v2\/comments?post=505"}],"version-history":[{"count":6,"href":"https:\/\/zorn.se\/en\/wp-json\/wp\/v2\/pages\/505\/revisions"}],"predecessor-version":[{"id":5435,"href":"https:\/\/zorn.se\/en\/wp-json\/wp\/v2\/pages\/505\/revisions\/5435"}],"wp:attachment":[{"href":"https:\/\/zorn.se\/en\/wp-json\/wp\/v2\/media?parent=505"}],"curies":[{"name":"wp","href":"https:\/\/api.w.org\/{rel}","templated":true}]}}