{"id":495,"date":"2014-06-04T18:55:59","date_gmt":"2014-06-04T16:55:59","guid":{"rendered":"http:\/\/zorn.se\/?page_id=495"},"modified":"2021-11-17T14:09:16","modified_gmt":"2021-11-17T13:09:16","slug":"previous-exhibitions","status":"publish","type":"page","link":"https:\/\/zorn.se\/en\/previous-exhibitions\/","title":{"rendered":"Previous exhibitions"},"content":{"rendered":"<h3>Zorn Museum<\/h3>\n<p><em>Summer 2021<br \/>\nFr\u00e5n Manet till Gauguin \u2013 Fransk konst p\u00e5 Zorn tid<br \/>\n<\/em><\/p>\n<p><em>Winter 2020\/2021<br \/>\n<\/em><em>Gustav Vasa \u2013 Bilden av en kung<\/em><\/p>\n<p><em>Winter 2020<br \/>\nBengt Lindstr\u00f6m\u00a0<\/em><\/p>\n<p><em>Summer 2020<br \/>\nZorn in Focus<\/em><\/p>\n<p><em>Summer 2019<br \/>\nZorn &amp; Carl Larsson &#8211; konst och v\u00e4nskap<\/em><\/p>\n<p><em>Winter 2018<br \/>\nBernd Janusch &#8211; 50 years with silver<\/em><\/p>\n<p><em>Summer 2018<br \/>\nAnders Zorn &#8211; Near and far<\/em><\/p>\n<p><em>Winter 2016\/2017<br \/>\nArt treasures from Uppsala University<\/em><\/p>\n<p><em>Summer 2016<br \/>\nAnders Zorn &#8211; created and collected<\/em><\/p>\n<p><em>Winter 2015\/2016<br \/>\nLars Jonsson, Paintings and sketch.<\/em><\/p>\n<p><em>Autumn 2015<br \/>\nZorn the photographer<\/em><\/p>\n<p><em>Summer 2015<br \/>\nDalahorses &#8211; from Wooden Horse in Mora to Symbol of Sweden<a title=\"Dalah\u00e4star\" href=\"http:\/\/www.dt.se\/kultur\/konst\/den-magiska-trahasten\" target=\"_blank\" rel=\"noopener noreferrer\">.<\/a><\/em><\/p>\n<p><em><em><em><em>Winter 2014\/2015<br \/>\nA Painted History &#8211; Swedish history paintings during 1800-century<\/em><\/em><\/em><\/em><\/p>\n<p><em><em><i><em><em>Summer 2013<br \/>\nBj\u00f6rn berg: So Much More Than Emil!<\/em><\/em><\/i><\/em><\/em><\/p>\n<p><em><em>Winter 2012\/2013<br \/>\nJohansson vs Zorn<\/em><\/em><\/p>\n<p><em><em>Summer 2012<br \/>\nJulia Beck<\/em><\/em><\/p>\n<p><em><em>Winter 2011\/2012<br \/>\nPeter Dahl<\/em><\/em><\/p>\n<p><em><em>Summer\/autumn 2011<br \/>\nWorld&#8217;s Largest Zorn Collection<br \/>\n<\/em><\/em><i><em><em><br \/>\nWinter 2010\/2011<br \/>\nEmma Zorn<\/em><\/em><\/i><\/p>\n<p><em><em>Summer 2010<br \/>\nZorn Masterpieces<\/em><\/em><\/p>\n<p><em><em>Winter 2009\/2010<br \/>\nZorn and Sport<\/em><\/em><\/p>\n<p><em><em>Autumn 2009<br \/>\nSloverige<\/p>\n<p><\/em><\/em><em><em>Summer 2009<br \/>\nZorn in Spain<\/p>\n<p><\/em><\/em><em><em>Winter 2008\/2009<br \/>\nTreasures from Mora Church<\/p>\n<p><\/em><\/em><em><em>Summer 2008<br \/>\nFaschion in Zorn&#8217;s Era and Today. Beckmans College of Design at Zorn Museum<\/p>\n<p><\/em><\/em><em><em>Summer 2007<br \/>\nBruno Liljefors<\/p>\n<p><\/em><\/em><em>Winter 2006\/2007<br \/>\nThe 18th Century in the Zorn Collections and See Rembrandt<\/p>\n<p><\/em><em>Summer 2006<br \/>\nAnders Zorn and Music<\/em><em><br \/>\n<\/em><\/p>\n<h3>Textile Museum<\/h3>\n<p><em>Timetravel- a history adventure<\/em><br \/>\n15 juni \u2013 31 augusti 2016<\/p>\n<p><em>Linda \u00d6hrn \u2013 McDaniel, \u00a0It Starts with a Stitch.<br \/>\n<\/em>15 maj \u2013 31 augusti 2015<\/p>\n<p><em>Att fl\u00e4ta ett minne \u2013 Sara Sj\u00f6berg \u00a0<\/em><br \/>\n15 juni \u2013 31 augusti 2013<\/p>\n<p><em>Emma Zorn\u00a0\u00a0<\/em><br \/>\n15 juni \u2013 31 augusti 2012<\/p>\n<p><em>Emma Zorn<\/em><br \/>\n15 juni \u2013 31 augusti 2011<\/p>\n<p><em>Folklig grannl\u00e5t\u00a0<\/em><br \/>\n15 juni \u2013 31 augusti 2010<\/p>\n<p><em>Gyllenr\u00f6da s\u00f6mnadsdr\u00f6mmar<br \/>\n<\/em>15 juni \u2013 31 augusti 2009<\/p>\n<p><em>Gamla s\u00f6mmar, nya plagg<\/em><br \/>\n16 juni \u2013 31 augusti 2008<\/p>\n<p><em>Brudkronor<\/em><br \/>\n16 juni \u2013 31 augusti 2007<\/p>\n<p>&nbsp;<\/p>\n<p>&nbsp;<\/p>\n<p>&nbsp;<\/p>\n","protected":false},"excerpt":{"rendered":"<p>Zorn Museum Summer 2021 Fr\u00e5n Manet till Gauguin \u2013 Fransk [&hellip;]<\/p>\n","protected":false},"author":1001017,"featured_media":0,"parent":0,"menu_order":35,"comment_status":"closed","ping_status":"open","template":"","meta":{"_acf_changed":false,"footnotes":""},"class_list":["post-495","page","type-page","status-publish","hentry"],"acf":[],"yoast_head":"<!-- This site is optimized with the Yoast SEO plugin v27.4 - https:\/\/yoast.com\/product\/yoast-seo-wordpress\/ -->\n<title>Previous exhibitions Zorn Museum<\/title>\n<meta name=\"description\" content=\"Previous exhibitions Zorn Museum, Mora in Sweden.\" \/>\n<meta name=\"robots\" content=\"index, follow, max-snippet:-1, max-image-preview:large, max-video-preview:-1\" \/>\n<link rel=\"canonical\" href=\"https:\/\/zorn.se\/en\/previous-exhibitions\/\" \/>\n<meta property=\"og:locale\" content=\"en_US\" \/>\n<meta property=\"og:type\" content=\"article\" \/>\n<meta property=\"og:title\" content=\"Previous exhibitions Zorn Museum\" \/>\n<meta property=\"og:description\" content=\"Previous exhibitions Zorn Museum, Mora in Sweden.\" \/>\n<meta property=\"og:url\" content=\"https:\/\/zorn.se\/en\/previous-exhibitions\/\" \/>\n<meta property=\"og:site_name\" content=\"Zornmuseet\" \/>\n<meta property=\"article:publisher\" content=\"https:\/\/www.facebook.com\/zornmuseet\/?ref=bookmarks\" \/>\n<meta property=\"article:modified_time\" content=\"2021-11-17T13:09:16+00:00\" \/>\n<meta name=\"twitter:label1\" content=\"Est. reading time\" \/>\n\t<meta name=\"twitter:data1\" content=\"1 minute\" \/>\n<script type=\"application\/ld+json\" class=\"yoast-schema-graph\">{\"@context\":\"https:\\\/\\\/schema.org\",\"@graph\":[{\"@type\":\"WebPage\",\"@id\":\"https:\\\/\\\/zorn.se\\\/en\\\/previous-exhibitions\\\/\",\"url\":\"https:\\\/\\\/zorn.se\\\/en\\\/previous-exhibitions\\\/\",\"name\":\"Previous exhibitions Zorn Museum\",\"isPartOf\":{\"@id\":\"https:\\\/\\\/zorn.se\\\/en\\\/#website\"},\"datePublished\":\"2014-06-04T16:55:59+00:00\",\"dateModified\":\"2021-11-17T13:09:16+00:00\",\"description\":\"Previous exhibitions Zorn Museum, Mora in Sweden.\",\"breadcrumb\":{\"@id\":\"https:\\\/\\\/zorn.se\\\/en\\\/previous-exhibitions\\\/#breadcrumb\"},\"inLanguage\":\"en-US\",\"potentialAction\":[{\"@type\":\"ReadAction\",\"target\":[\"https:\\\/\\\/zorn.se\\\/en\\\/previous-exhibitions\\\/\"]}]},{\"@type\":\"BreadcrumbList\",\"@id\":\"https:\\\/\\\/zorn.se\\\/en\\\/previous-exhibitions\\\/#breadcrumb\",\"itemListElement\":[{\"@type\":\"ListItem\",\"position\":1,\"name\":\"Home\",\"item\":\"https:\\\/\\\/zorn.se\\\/en\\\/\"},{\"@type\":\"ListItem\",\"position\":2,\"name\":\"Previous exhibitions\"}]},{\"@type\":\"WebSite\",\"@id\":\"https:\\\/\\\/zorn.se\\\/en\\\/#website\",\"url\":\"https:\\\/\\\/zorn.se\\\/en\\\/\",\"name\":\"Zornmuseet\",\"description\":\"\",\"potentialAction\":[{\"@type\":\"SearchAction\",\"target\":{\"@type\":\"EntryPoint\",\"urlTemplate\":\"https:\\\/\\\/zorn.se\\\/en\\\/?s={search_term_string}\"},\"query-input\":{\"@type\":\"PropertyValueSpecification\",\"valueRequired\":true,\"valueName\":\"search_term_string\"}}],\"inLanguage\":\"en-US\"}]}<\/script>\n<!-- \/ Yoast SEO plugin. -->","yoast_head_json":{"title":"Previous exhibitions Zorn Museum","description":"Previous exhibitions Zorn Museum, Mora in Sweden.","robots":{"index":"index","follow":"follow","max-snippet":"max-snippet:-1","max-image-preview":"max-image-preview:large","max-video-preview":"max-video-preview:-1"},"canonical":"https:\/\/zorn.se\/en\/previous-exhibitions\/","og_locale":"en_US","og_type":"article","og_title":"Previous exhibitions Zorn Museum","og_description":"Previous exhibitions Zorn Museum, Mora in Sweden.","og_url":"https:\/\/zorn.se\/en\/previous-exhibitions\/","og_site_name":"Zornmuseet","article_publisher":"https:\/\/www.facebook.com\/zornmuseet\/?ref=bookmarks","article_modified_time":"2021-11-17T13:09:16+00:00","twitter_misc":{"Est. reading time":"1 minute"},"schema":{"@context":"https:\/\/schema.org","@graph":[{"@type":"WebPage","@id":"https:\/\/zorn.se\/en\/previous-exhibitions\/","url":"https:\/\/zorn.se\/en\/previous-exhibitions\/","name":"Previous exhibitions Zorn Museum","isPartOf":{"@id":"https:\/\/zorn.se\/en\/#website"},"datePublished":"2014-06-04T16:55:59+00:00","dateModified":"2021-11-17T13:09:16+00:00","description":"Previous exhibitions Zorn Museum, Mora in Sweden.","breadcrumb":{"@id":"https:\/\/zorn.se\/en\/previous-exhibitions\/#breadcrumb"},"inLanguage":"en-US","potentialAction":[{"@type":"ReadAction","target":["https:\/\/zorn.se\/en\/previous-exhibitions\/"]}]},{"@type":"BreadcrumbList","@id":"https:\/\/zorn.se\/en\/previous-exhibitions\/#breadcrumb","itemListElement":[{"@type":"ListItem","position":1,"name":"Home","item":"https:\/\/zorn.se\/en\/"},{"@type":"ListItem","position":2,"name":"Previous exhibitions"}]},{"@type":"WebSite","@id":"https:\/\/zorn.se\/en\/#website","url":"https:\/\/zorn.se\/en\/","name":"Zornmuseet","description":"","potentialAction":[{"@type":"SearchAction","target":{"@type":"EntryPoint","urlTemplate":"https:\/\/zorn.se\/en\/?s={search_term_string}"},"query-input":{"@type":"PropertyValueSpecification","valueRequired":true,"valueName":"search_term_string"}}],"inLanguage":"en-US"}]}},"_links":{"self":[{"href":"https:\/\/zorn.se\/en\/wp-json\/wp\/v2\/pages\/495","targetHints":{"allow":["GET"]}}],"collection":[{"href":"https:\/\/zorn.se\/en\/wp-json\/wp\/v2\/pages"}],"about":[{"href":"https:\/\/zorn.se\/en\/wp-json\/wp\/v2\/types\/page"}],"author":[{"embeddable":true,"href":"https:\/\/zorn.se\/en\/wp-json\/wp\/v2\/users\/1001017"}],"replies":[{"embeddable":true,"href":"https:\/\/zorn.se\/en\/wp-json\/wp\/v2\/comments?post=495"}],"version-history":[{"count":46,"href":"https:\/\/zorn.se\/en\/wp-json\/wp\/v2\/pages\/495\/revisions"}],"predecessor-version":[{"id":7631,"href":"https:\/\/zorn.se\/en\/wp-json\/wp\/v2\/pages\/495\/revisions\/7631"}],"wp:attachment":[{"href":"https:\/\/zorn.se\/en\/wp-json\/wp\/v2\/media?parent=495"}],"curies":[{"name":"wp","href":"https:\/\/api.w.org\/{rel}","templated":true}]}}