{"id":490,"date":"2014-04-10T14:48:41","date_gmt":"2014-04-10T12:48:41","guid":{"rendered":"http:\/\/zorn.se\/?page_id=490"},"modified":"2018-08-16T11:52:59","modified_gmt":"2018-08-16T09:52:59","slug":"gerda-boethius-memorial-foundation","status":"publish","type":"page","link":"https:\/\/zorn.se\/en\/gerda-boethius-memorial-foundation\/","title":{"rendered":"Gerda Bo\u00ebthius Memorial Foundation"},"content":{"rendered":"<h1>Gerda Bo\u00ebthius Memorial Foundation<\/h1>\n<p>Gerda Bo\u00ebthius Memorial Foundation was created in 1962 in memory of the first director of the Zorn Collections, Gerda Bo\u00ebthius (1890-1961). Each year the Foundation awards one or more grants for scientific research in topics closest to her: art history, ethnology and handcraft. No official application form exists. Instead, applicants are asked to send in such details and information that are relevant for the project, including a cost estimate.<\/p>\n<p>In recent years, grants have normally been awarded to postgraduate or postdoctoral researchers. Otherwise, there are no specified prerequisites. Grants are announced in August.<\/p>\n<h3>Application deadline<\/h3>\n<p>Applications for 2019 must be received by 13<sup>th<\/sup> of April at the latest.<br \/>\nSend your application to:<\/p>\n<p><strong>Zorn Museum<\/strong><br \/>\nBox 32<br \/>\n792 21 MORA<br \/>\nSweden<\/p>\n<p>For further information, please contact:<br \/>\nMuseum Director Johan Cederlund<br \/>\njohan.cederlund@zorn.se<\/p>\n","protected":false},"excerpt":{"rendered":"<p>Gerda Bo\u00ebthius Memorial Foundation Gerda Bo\u00ebthius Memorial Foundation was created [&hellip;]<\/p>\n","protected":false},"author":1001017,"featured_media":0,"parent":0,"menu_order":20,"comment_status":"closed","ping_status":"open","template":"","meta":{"_acf_changed":false,"footnotes":""},"class_list":["post-490","page","type-page","status-publish","hentry"],"acf":[],"yoast_head":"<!-- This site is optimized with the Yoast SEO plugin v27.3 - https:\/\/yoast.com\/product\/yoast-seo-wordpress\/ -->\n<title>Gerda Bo\u00ebthius minnesfond Zornmuseet i Mora, Dalarna<\/title>\n<meta name=\"description\" content=\"Stiftelsen Gerda Bo\u00ebthius minnesfond utdelar varje \u00e5r ett eller flera stipendium inom de omr\u00e5den som l\u00e5g Gerda Bo\u00ebthius varmast om hj\u00e4rtat, konsthistoria etnologi, hemsl\u00f6jd.\" \/>\n<meta name=\"robots\" content=\"index, follow, max-snippet:-1, max-image-preview:large, max-video-preview:-1\" \/>\n<link rel=\"canonical\" href=\"https:\/\/zorn.se\/en\/gerda-boethius-memorial-foundation\/\" \/>\n<meta property=\"og:locale\" content=\"en_US\" \/>\n<meta property=\"og:type\" content=\"article\" \/>\n<meta property=\"og:title\" content=\"Gerda Bo\u00ebthius minnesfond Zornmuseet i Mora, Dalarna\" \/>\n<meta property=\"og:description\" content=\"Stiftelsen Gerda Bo\u00ebthius minnesfond utdelar varje \u00e5r ett eller flera stipendium inom de omr\u00e5den som l\u00e5g Gerda Bo\u00ebthius varmast om hj\u00e4rtat, konsthistoria etnologi, hemsl\u00f6jd.\" \/>\n<meta property=\"og:url\" content=\"https:\/\/zorn.se\/en\/gerda-boethius-memorial-foundation\/\" \/>\n<meta property=\"og:site_name\" content=\"Zornmuseet\" \/>\n<meta property=\"article:publisher\" content=\"https:\/\/www.facebook.com\/zornmuseet\/?ref=bookmarks\" \/>\n<meta property=\"article:modified_time\" content=\"2018-08-16T09:52:59+00:00\" \/>\n<meta name=\"twitter:label1\" content=\"Est. reading time\" \/>\n\t<meta name=\"twitter:data1\" content=\"1 minute\" \/>\n<script type=\"application\/ld+json\" class=\"yoast-schema-graph\">{\"@context\":\"https:\\\/\\\/schema.org\",\"@graph\":[{\"@type\":\"WebPage\",\"@id\":\"https:\\\/\\\/zorn.se\\\/en\\\/gerda-boethius-memorial-foundation\\\/\",\"url\":\"https:\\\/\\\/zorn.se\\\/en\\\/gerda-boethius-memorial-foundation\\\/\",\"name\":\"Gerda Bo\u00ebthius minnesfond Zornmuseet i Mora, Dalarna\",\"isPartOf\":{\"@id\":\"https:\\\/\\\/zorn.se\\\/en\\\/#website\"},\"datePublished\":\"2014-04-10T12:48:41+00:00\",\"dateModified\":\"2018-08-16T09:52:59+00:00\",\"description\":\"Stiftelsen Gerda Bo\u00ebthius minnesfond utdelar varje \u00e5r ett eller flera stipendium inom de omr\u00e5den som l\u00e5g Gerda Bo\u00ebthius varmast om hj\u00e4rtat, konsthistoria etnologi, hemsl\u00f6jd.\",\"breadcrumb\":{\"@id\":\"https:\\\/\\\/zorn.se\\\/en\\\/gerda-boethius-memorial-foundation\\\/#breadcrumb\"},\"inLanguage\":\"en-US\",\"potentialAction\":[{\"@type\":\"ReadAction\",\"target\":[\"https:\\\/\\\/zorn.se\\\/en\\\/gerda-boethius-memorial-foundation\\\/\"]}]},{\"@type\":\"BreadcrumbList\",\"@id\":\"https:\\\/\\\/zorn.se\\\/en\\\/gerda-boethius-memorial-foundation\\\/#breadcrumb\",\"itemListElement\":[{\"@type\":\"ListItem\",\"position\":1,\"name\":\"Home\",\"item\":\"https:\\\/\\\/zorn.se\\\/en\\\/\"},{\"@type\":\"ListItem\",\"position\":2,\"name\":\"Gerda Bo\u00ebthius Memorial Foundation\"}]},{\"@type\":\"WebSite\",\"@id\":\"https:\\\/\\\/zorn.se\\\/en\\\/#website\",\"url\":\"https:\\\/\\\/zorn.se\\\/en\\\/\",\"name\":\"Zornmuseet\",\"description\":\"\",\"potentialAction\":[{\"@type\":\"SearchAction\",\"target\":{\"@type\":\"EntryPoint\",\"urlTemplate\":\"https:\\\/\\\/zorn.se\\\/en\\\/?s={search_term_string}\"},\"query-input\":{\"@type\":\"PropertyValueSpecification\",\"valueRequired\":true,\"valueName\":\"search_term_string\"}}],\"inLanguage\":\"en-US\"}]}<\/script>\n<!-- \/ Yoast SEO plugin. -->","yoast_head_json":{"title":"Gerda Bo\u00ebthius minnesfond Zornmuseet i Mora, Dalarna","description":"Stiftelsen Gerda Bo\u00ebthius minnesfond utdelar varje \u00e5r ett eller flera stipendium inom de omr\u00e5den som l\u00e5g Gerda Bo\u00ebthius varmast om hj\u00e4rtat, konsthistoria etnologi, hemsl\u00f6jd.","robots":{"index":"index","follow":"follow","max-snippet":"max-snippet:-1","max-image-preview":"max-image-preview:large","max-video-preview":"max-video-preview:-1"},"canonical":"https:\/\/zorn.se\/en\/gerda-boethius-memorial-foundation\/","og_locale":"en_US","og_type":"article","og_title":"Gerda Bo\u00ebthius minnesfond Zornmuseet i Mora, Dalarna","og_description":"Stiftelsen Gerda Bo\u00ebthius minnesfond utdelar varje \u00e5r ett eller flera stipendium inom de omr\u00e5den som l\u00e5g Gerda Bo\u00ebthius varmast om hj\u00e4rtat, konsthistoria etnologi, hemsl\u00f6jd.","og_url":"https:\/\/zorn.se\/en\/gerda-boethius-memorial-foundation\/","og_site_name":"Zornmuseet","article_publisher":"https:\/\/www.facebook.com\/zornmuseet\/?ref=bookmarks","article_modified_time":"2018-08-16T09:52:59+00:00","twitter_misc":{"Est. reading time":"1 minute"},"schema":{"@context":"https:\/\/schema.org","@graph":[{"@type":"WebPage","@id":"https:\/\/zorn.se\/en\/gerda-boethius-memorial-foundation\/","url":"https:\/\/zorn.se\/en\/gerda-boethius-memorial-foundation\/","name":"Gerda Bo\u00ebthius minnesfond Zornmuseet i Mora, Dalarna","isPartOf":{"@id":"https:\/\/zorn.se\/en\/#website"},"datePublished":"2014-04-10T12:48:41+00:00","dateModified":"2018-08-16T09:52:59+00:00","description":"Stiftelsen Gerda Bo\u00ebthius minnesfond utdelar varje \u00e5r ett eller flera stipendium inom de omr\u00e5den som l\u00e5g Gerda Bo\u00ebthius varmast om hj\u00e4rtat, konsthistoria etnologi, hemsl\u00f6jd.","breadcrumb":{"@id":"https:\/\/zorn.se\/en\/gerda-boethius-memorial-foundation\/#breadcrumb"},"inLanguage":"en-US","potentialAction":[{"@type":"ReadAction","target":["https:\/\/zorn.se\/en\/gerda-boethius-memorial-foundation\/"]}]},{"@type":"BreadcrumbList","@id":"https:\/\/zorn.se\/en\/gerda-boethius-memorial-foundation\/#breadcrumb","itemListElement":[{"@type":"ListItem","position":1,"name":"Home","item":"https:\/\/zorn.se\/en\/"},{"@type":"ListItem","position":2,"name":"Gerda Bo\u00ebthius Memorial Foundation"}]},{"@type":"WebSite","@id":"https:\/\/zorn.se\/en\/#website","url":"https:\/\/zorn.se\/en\/","name":"Zornmuseet","description":"","potentialAction":[{"@type":"SearchAction","target":{"@type":"EntryPoint","urlTemplate":"https:\/\/zorn.se\/en\/?s={search_term_string}"},"query-input":{"@type":"PropertyValueSpecification","valueRequired":true,"valueName":"search_term_string"}}],"inLanguage":"en-US"}]}},"_links":{"self":[{"href":"https:\/\/zorn.se\/en\/wp-json\/wp\/v2\/pages\/490","targetHints":{"allow":["GET"]}}],"collection":[{"href":"https:\/\/zorn.se\/en\/wp-json\/wp\/v2\/pages"}],"about":[{"href":"https:\/\/zorn.se\/en\/wp-json\/wp\/v2\/types\/page"}],"author":[{"embeddable":true,"href":"https:\/\/zorn.se\/en\/wp-json\/wp\/v2\/users\/1001017"}],"replies":[{"embeddable":true,"href":"https:\/\/zorn.se\/en\/wp-json\/wp\/v2\/comments?post=490"}],"version-history":[{"count":20,"href":"https:\/\/zorn.se\/en\/wp-json\/wp\/v2\/pages\/490\/revisions"}],"predecessor-version":[{"id":5615,"href":"https:\/\/zorn.se\/en\/wp-json\/wp\/v2\/pages\/490\/revisions\/5615"}],"wp:attachment":[{"href":"https:\/\/zorn.se\/en\/wp-json\/wp\/v2\/media?parent=490"}],"curies":[{"name":"wp","href":"https:\/\/api.w.org\/{rel}","templated":true}]}}