{"id":484,"date":"2014-04-10T14:47:22","date_gmt":"2014-04-10T12:47:22","guid":{"rendered":"http:\/\/zorn.se\/?page_id=484"},"modified":"2025-04-17T09:07:32","modified_gmt":"2025-04-17T07:07:32","slug":"hitta-hit","status":"publish","type":"page","link":"https:\/\/zorn.se\/en\/welcome\/hitta-hit\/","title":{"rendered":"Find your way to our museums"},"content":{"rendered":"<div  class=\"fusion-fullwidth fullwidth-box nonhundred-percent-fullwidth\"  style='background-color: rgba(255,255,255,0);background-position: center center;background-repeat: no-repeat;padding-top:0px;padding-right:0px;padding-bottom:0px;padding-left:0px;'><div class=\"fusion-builder-row fusion-row \"><div  class=\"fusion-layout-column fusion_builder_column fusion_builder_column_1_1  fusion-one-full fusion-column-first fusion-column-last 1_1\"  style='margin-top:0px;margin-bottom:0px;'>\n\t\t\t\t\t<div class=\"fusion-column-wrapper\" style=\"background-position:left top;background-repeat:no-repeat;-webkit-background-size:cover;-moz-background-size:cover;-o-background-size:cover;background-size:cover;\"  data-bg-url=\"\">\n\t\t\t\t\t\t<h1>Find your way to our museums<\/h1>\n<h3>Address<\/h3>\n<p>Zornmuseet, Vasagatan 36, 792 31 Mora<\/p>\n<h3>Parking<\/h3>\n<p>The Zorn Museum does not have its own parking lot. We refer our visitors to the parking lot in front of the Zorn Museum, on the other side of Vasagatan. There are also some parking spaces west of the Zorn Museum.<\/p>\n<h3>Zorns gammelg\u00e5rd and the Textile Chamber<\/h3>\n<p>Address: Yvradsv\u00e4gen 3, Mora<\/p>\n<p>About 2 kilometers from the Zorn Museum you will find Zorn&#8217;s Gammelg\u00e5rd and the Textile Chamber. Easily accessableon foot, by bike or by car. You will find the parking options in front of the Museum.<\/p>\n<h3>Gopsmor<\/h3>\n<p>Address: Omenv\u00e4gen 4, \u00c4lvdalen.<\/p>\n<p>Gopsmor is located 20 km north of Mora. Follow the signs from highway 70 towards \u00c4lvdalen.<\/p>\n<p>The address refers to the parking lot belonging to Gopsmor, which means a shorter walk to the Gopsmor cabin. It is not possible to drive all the way there.<\/p>\n<p><iframe loading=\"lazy\" style=\"width: 100%; height: 400px;\" src=\"https:\/\/maps.google.se\/maps?f=q&amp;source=s_q&amp;hl=sv&amp;geocode=&amp;q=Zornmus%C3%A9et,+Vasagatan,+Mora&amp;aq=0&amp;oq=zornmuseet&amp;sll=59.278074,15.202454&amp;sspn=0.177498,0.528374&amp;ie=UTF8&amp;hq=&amp;hnear=&amp;ll=61.006704,14.53862&amp;spn=0.006295,0.006295&amp;t=m&amp;iwloc=A&amp;output=embed\" width=\"320\" height=\"240\" frameborder=\"0\" marginwidth=\"0\" marginheight=\"0\" scrolling=\"no\"><\/iframe><\/p>\n<div class=\"fusion-clearfix\"><\/div>\n\n\t\t\t\t\t<\/div>\n\t\t\t\t<\/div><\/div><\/div>\n","protected":false},"excerpt":{"rendered":"","protected":false},"author":1001017,"featured_media":0,"parent":5373,"menu_order":50,"comment_status":"closed","ping_status":"open","template":"","meta":{"_acf_changed":false,"footnotes":""},"class_list":["post-484","page","type-page","status-publish","hentry"],"acf":[],"yoast_head":"<!-- This site is optimized with the Yoast SEO plugin v27.5 - https:\/\/yoast.com\/product\/yoast-seo-wordpress\/ -->\n<title>Hitta hit Zornmuseet i Mora, Dalarna<\/title>\n<meta name=\"description\" content=\"Zornmuseet finns p\u00e5 Vasagatan 36 i Mora, Dalarna. H\u00e4r finner ni \u00e4ven Zorng\u00e5rden, makarna Zorns vackra hem som st\u00e5r or\u00f6rt sedan Emma Zorn gick ur tiden.\" \/>\n<meta name=\"robots\" content=\"index, follow, max-snippet:-1, max-image-preview:large, max-video-preview:-1\" \/>\n<link rel=\"canonical\" href=\"https:\/\/zorn.se\/en\/welcome\/hitta-hit\/\" \/>\n<meta property=\"og:locale\" content=\"en_US\" \/>\n<meta property=\"og:type\" content=\"article\" \/>\n<meta property=\"og:title\" content=\"Hitta hit Zornmuseet i Mora, Dalarna\" \/>\n<meta property=\"og:description\" content=\"Zornmuseet finns p\u00e5 Vasagatan 36 i Mora, Dalarna. H\u00e4r finner ni \u00e4ven Zorng\u00e5rden, makarna Zorns hem.\" \/>\n<meta property=\"og:url\" content=\"https:\/\/zorn.se\/en\/welcome\/hitta-hit\/\" \/>\n<meta property=\"og:site_name\" content=\"Zornmuseet\" \/>\n<meta property=\"article:publisher\" content=\"https:\/\/www.facebook.com\/zornmuseet\/?ref=bookmarks\" \/>\n<meta property=\"article:modified_time\" content=\"2025-04-17T07:07:32+00:00\" \/>\n<meta name=\"twitter:label1\" content=\"Est. reading time\" \/>\n\t<meta name=\"twitter:data1\" content=\"1 minute\" \/>\n<script type=\"application\/ld+json\" class=\"yoast-schema-graph\">{\"@context\":\"https:\\\/\\\/schema.org\",\"@graph\":[{\"@type\":\"WebPage\",\"@id\":\"https:\\\/\\\/zorn.se\\\/en\\\/welcome\\\/hitta-hit\\\/\",\"url\":\"https:\\\/\\\/zorn.se\\\/en\\\/welcome\\\/hitta-hit\\\/\",\"name\":\"Hitta hit Zornmuseet i Mora, Dalarna\",\"isPartOf\":{\"@id\":\"https:\\\/\\\/zorn.se\\\/en\\\/#website\"},\"datePublished\":\"2014-04-10T12:47:22+00:00\",\"dateModified\":\"2025-04-17T07:07:32+00:00\",\"description\":\"Zornmuseet finns p\u00e5 Vasagatan 36 i Mora, Dalarna. H\u00e4r finner ni \u00e4ven Zorng\u00e5rden, makarna Zorns vackra hem som st\u00e5r or\u00f6rt sedan Emma Zorn gick ur tiden.\",\"breadcrumb\":{\"@id\":\"https:\\\/\\\/zorn.se\\\/en\\\/welcome\\\/hitta-hit\\\/#breadcrumb\"},\"inLanguage\":\"en-US\",\"potentialAction\":[{\"@type\":\"ReadAction\",\"target\":[\"https:\\\/\\\/zorn.se\\\/en\\\/welcome\\\/hitta-hit\\\/\"]}]},{\"@type\":\"BreadcrumbList\",\"@id\":\"https:\\\/\\\/zorn.se\\\/en\\\/welcome\\\/hitta-hit\\\/#breadcrumb\",\"itemListElement\":[{\"@type\":\"ListItem\",\"position\":1,\"name\":\"Home\",\"item\":\"https:\\\/\\\/zorn.se\\\/en\\\/\"},{\"@type\":\"ListItem\",\"position\":2,\"name\":\"Welcome\",\"item\":\"https:\\\/\\\/zorn.se\\\/en\\\/welcome\\\/\"},{\"@type\":\"ListItem\",\"position\":3,\"name\":\"Hitta hit\"}]},{\"@type\":\"WebSite\",\"@id\":\"https:\\\/\\\/zorn.se\\\/en\\\/#website\",\"url\":\"https:\\\/\\\/zorn.se\\\/en\\\/\",\"name\":\"Zornmuseet\",\"description\":\"\",\"potentialAction\":[{\"@type\":\"SearchAction\",\"target\":{\"@type\":\"EntryPoint\",\"urlTemplate\":\"https:\\\/\\\/zorn.se\\\/en\\\/?s={search_term_string}\"},\"query-input\":{\"@type\":\"PropertyValueSpecification\",\"valueRequired\":true,\"valueName\":\"search_term_string\"}}],\"inLanguage\":\"en-US\"}]}<\/script>\n<!-- \/ Yoast SEO plugin. -->","yoast_head_json":{"title":"Hitta hit Zornmuseet i Mora, Dalarna","description":"Zornmuseet finns p\u00e5 Vasagatan 36 i Mora, Dalarna. H\u00e4r finner ni \u00e4ven Zorng\u00e5rden, makarna Zorns vackra hem som st\u00e5r or\u00f6rt sedan Emma Zorn gick ur tiden.","robots":{"index":"index","follow":"follow","max-snippet":"max-snippet:-1","max-image-preview":"max-image-preview:large","max-video-preview":"max-video-preview:-1"},"canonical":"https:\/\/zorn.se\/en\/welcome\/hitta-hit\/","og_locale":"en_US","og_type":"article","og_title":"Hitta hit Zornmuseet i Mora, Dalarna","og_description":"Zornmuseet finns p\u00e5 Vasagatan 36 i Mora, Dalarna. H\u00e4r finner ni \u00e4ven Zorng\u00e5rden, makarna Zorns hem.","og_url":"https:\/\/zorn.se\/en\/welcome\/hitta-hit\/","og_site_name":"Zornmuseet","article_publisher":"https:\/\/www.facebook.com\/zornmuseet\/?ref=bookmarks","article_modified_time":"2025-04-17T07:07:32+00:00","twitter_misc":{"Est. reading time":"1 minute"},"schema":{"@context":"https:\/\/schema.org","@graph":[{"@type":"WebPage","@id":"https:\/\/zorn.se\/en\/welcome\/hitta-hit\/","url":"https:\/\/zorn.se\/en\/welcome\/hitta-hit\/","name":"Hitta hit Zornmuseet i Mora, Dalarna","isPartOf":{"@id":"https:\/\/zorn.se\/en\/#website"},"datePublished":"2014-04-10T12:47:22+00:00","dateModified":"2025-04-17T07:07:32+00:00","description":"Zornmuseet finns p\u00e5 Vasagatan 36 i Mora, Dalarna. H\u00e4r finner ni \u00e4ven Zorng\u00e5rden, makarna Zorns vackra hem som st\u00e5r or\u00f6rt sedan Emma Zorn gick ur tiden.","breadcrumb":{"@id":"https:\/\/zorn.se\/en\/welcome\/hitta-hit\/#breadcrumb"},"inLanguage":"en-US","potentialAction":[{"@type":"ReadAction","target":["https:\/\/zorn.se\/en\/welcome\/hitta-hit\/"]}]},{"@type":"BreadcrumbList","@id":"https:\/\/zorn.se\/en\/welcome\/hitta-hit\/#breadcrumb","itemListElement":[{"@type":"ListItem","position":1,"name":"Home","item":"https:\/\/zorn.se\/en\/"},{"@type":"ListItem","position":2,"name":"Welcome","item":"https:\/\/zorn.se\/en\/welcome\/"},{"@type":"ListItem","position":3,"name":"Hitta hit"}]},{"@type":"WebSite","@id":"https:\/\/zorn.se\/en\/#website","url":"https:\/\/zorn.se\/en\/","name":"Zornmuseet","description":"","potentialAction":[{"@type":"SearchAction","target":{"@type":"EntryPoint","urlTemplate":"https:\/\/zorn.se\/en\/?s={search_term_string}"},"query-input":{"@type":"PropertyValueSpecification","valueRequired":true,"valueName":"search_term_string"}}],"inLanguage":"en-US"}]}},"_links":{"self":[{"href":"https:\/\/zorn.se\/en\/wp-json\/wp\/v2\/pages\/484","targetHints":{"allow":["GET"]}}],"collection":[{"href":"https:\/\/zorn.se\/en\/wp-json\/wp\/v2\/pages"}],"about":[{"href":"https:\/\/zorn.se\/en\/wp-json\/wp\/v2\/types\/page"}],"author":[{"embeddable":true,"href":"https:\/\/zorn.se\/en\/wp-json\/wp\/v2\/users\/1001017"}],"replies":[{"embeddable":true,"href":"https:\/\/zorn.se\/en\/wp-json\/wp\/v2\/comments?post=484"}],"version-history":[{"count":15,"href":"https:\/\/zorn.se\/en\/wp-json\/wp\/v2\/pages\/484\/revisions"}],"predecessor-version":[{"id":10169,"href":"https:\/\/zorn.se\/en\/wp-json\/wp\/v2\/pages\/484\/revisions\/10169"}],"up":[{"embeddable":true,"href":"https:\/\/zorn.se\/en\/wp-json\/wp\/v2\/pages\/5373"}],"wp:attachment":[{"href":"https:\/\/zorn.se\/en\/wp-json\/wp\/v2\/media?parent=484"}],"curies":[{"name":"wp","href":"https:\/\/api.w.org\/{rel}","templated":true}]}}