{"id":482,"date":"2014-04-10T14:46:56","date_gmt":"2014-04-10T12:46:56","guid":{"rendered":"http:\/\/zorn.se\/?page_id=482"},"modified":"2025-05-14T12:03:55","modified_gmt":"2025-05-14T10:03:55","slug":"organization","status":"publish","type":"page","link":"https:\/\/zorn.se\/en\/about-us\/organization\/","title":{"rendered":"Organization"},"content":{"rendered":"<div  class=\"fusion-fullwidth fullwidth-box nonhundred-percent-fullwidth\"  style='background-color: rgba(255,255,255,0);background-position: center center;background-repeat: no-repeat;padding-top:0px;padding-right:0px;padding-bottom:0px;padding-left:0px;'><div class=\"fusion-builder-row fusion-row \"><div  class=\"fusion-layout-column fusion_builder_column fusion_builder_column_1_1  fusion-one-full fusion-column-first fusion-column-last 1_1\"  style='margin-top:0px;margin-bottom:20px;'>\n\t\t\t\t\t<div class=\"fusion-column-wrapper\" style=\"background-position:left top;background-repeat:no-repeat;-webkit-background-size:cover;-moz-background-size:cover;-o-background-size:cover;background-size:cover;\"  data-bg-url=\"\">\n\t\t\t\t\t\t<h1>Organization<\/h1>\n<div class=\"fusion-clearfix\"><\/div>\n\n\t\t\t\t\t<\/div>\n\t\t\t\t<\/div><div  class=\"fusion-layout-column fusion_builder_column fusion_builder_column_1_3  fusion-one-third fusion-column-first 1_3\"  style='margin-top:0px;margin-bottom:20px;width:33.33%;width:calc(33.33% - ( ( 4% + 4% ) * 0.3333 ) );margin-right: 4%;'>\n\t\t\t\t\t<div class=\"fusion-column-wrapper\" style=\"background-position:left top;background-repeat:no-repeat;-webkit-background-size:cover;-moz-background-size:cover;-o-background-size:cover;background-size:cover;\"  data-bg-url=\"\">\n\t\t\t\t\t\t<span class=\"fusion-imageframe imageframe-none imageframe-1 hover-type-none\"><img loading=\"lazy\" decoding=\"async\" src=\"https:\/\/zorn.se\/wp-content\/uploads\/2023\/10\/Johan-283x283-1.png\" width=\"283\" height=\"283\" alt=\"\" title=\"Johan 283x283\" class=\"img-responsive wp-image-9639\" srcset=\"https:\/\/zorn.se\/wp-content\/uploads\/2023\/10\/Johan-283x283-1-200x200.png 200w, https:\/\/zorn.se\/wp-content\/uploads\/2023\/10\/Johan-283x283-1.png 283w\" sizes=\"auto, (max-width: 900px) 100vw, 1160px\" \/><\/span><p><strong>Johan Cederlund<\/strong><br \/>\n<em>Museum Director<\/em><br \/>\n<a href=\"mailto:johan.cederlund@zorn.se\">johan.cederlund@zorn.se<\/a><\/p>\n<div class=\"fusion-clearfix\"><\/div>\n\n\t\t\t\t\t<\/div>\n\t\t\t\t<\/div><div  class=\"fusion-layout-column fusion_builder_column fusion_builder_column_1_3  fusion-one-third 1_3\"  style='margin-top:0px;margin-bottom:20px;width:33.33%;width:calc(33.33% - ( ( 4% + 4% ) * 0.3333 ) );margin-right: 4%;'>\n\t\t\t\t\t<div class=\"fusion-column-wrapper\" style=\"background-position:left top;background-repeat:no-repeat;-webkit-background-size:cover;-moz-background-size:cover;-o-background-size:cover;background-size:cover;\"  data-bg-url=\"\">\n\t\t\t\t\t\t<span class=\"fusion-imageframe imageframe-none imageframe-2 hover-type-none\"><img loading=\"lazy\" decoding=\"async\" src=\"https:\/\/zorn.se\/wp-content\/uploads\/2023\/10\/Ylva-283x283-1.png\" width=\"283\" height=\"283\" alt=\"\" title=\"Ylva 283x283\" class=\"img-responsive wp-image-9642\" srcset=\"https:\/\/zorn.se\/wp-content\/uploads\/2023\/10\/Ylva-283x283-1-200x200.png 200w, https:\/\/zorn.se\/wp-content\/uploads\/2023\/10\/Ylva-283x283-1.png 283w\" sizes=\"auto, (max-width: 900px) 100vw, 1160px\" \/><\/span><p><strong>Ylva Fahlberg<\/strong><br \/>\n<em>Zorn House &amp; Marketing<\/em><br \/>\n<a href=\"mailto:ylva.fahlberg@zorn.se\">ylva.fahlberg@zorn.se<\/a><\/p>\n<div class=\"fusion-clearfix\"><\/div>\n\n\t\t\t\t\t<\/div>\n\t\t\t\t<\/div><div  class=\"fusion-layout-column fusion_builder_column fusion_builder_column_1_3  fusion-one-third fusion-column-last 1_3\"  style='margin-top:0px;margin-bottom:20px;width:33.33%;width:calc(33.33% - ( ( 4% + 4% ) * 0.3333 ) );'>\n\t\t\t\t\t<div class=\"fusion-column-wrapper\" style=\"background-position:left top;background-repeat:no-repeat;-webkit-background-size:cover;-moz-background-size:cover;-o-background-size:cover;background-size:cover;\"  data-bg-url=\"\">\n\t\t\t\t\t\t<span class=\"fusion-imageframe imageframe-none imageframe-3 hover-type-none\"><img loading=\"lazy\" decoding=\"async\" src=\"https:\/\/zorn.se\/wp-content\/uploads\/2024\/04\/Hakan.jpg\" width=\"283\" height=\"283\" alt=\"\" title=\"H\u00e5kan\" class=\"img-responsive wp-image-9834\" srcset=\"https:\/\/zorn.se\/wp-content\/uploads\/2024\/04\/Hakan-200x200.jpg 200w, https:\/\/zorn.se\/wp-content\/uploads\/2024\/04\/Hakan.jpg 283w\" sizes=\"auto, (max-width: 900px) 100vw, 1160px\" \/><\/span><p><strong>H\u00e5kan Knutsby<\/strong><br \/>\n<em>Archive<\/em><br \/>\n<a href=\"mailto:hakan.knutsby@zorn.se\">hakan.knutsby@zorn.se<\/a><\/p>\n<div class=\"fusion-clearfix\"><\/div>\n\n\t\t\t\t\t<\/div>\n\t\t\t\t<\/div><div  class=\"fusion-layout-column fusion_builder_column fusion_builder_column_1_3  fusion-one-third fusion-column-first 1_3\"  style='margin-top:0px;margin-bottom:20px;width:33.33%;width:calc(33.33% - ( ( 4% + 4% ) * 0.3333 ) );margin-right: 4%;'>\n\t\t\t\t\t<div class=\"fusion-column-wrapper\" style=\"background-position:left top;background-repeat:no-repeat;-webkit-background-size:cover;-moz-background-size:cover;-o-background-size:cover;background-size:cover;\"  data-bg-url=\"\">\n\t\t\t\t\t\t<span class=\"fusion-imageframe imageframe-none imageframe-4 hover-type-none\"><img loading=\"lazy\" decoding=\"async\" src=\"https:\/\/zorn.se\/wp-content\/uploads\/2023\/10\/Annika-283x283-1.png\" width=\"283\" height=\"283\" alt=\"\" title=\"Annika 283x283\" class=\"img-responsive wp-image-9621\" srcset=\"https:\/\/zorn.se\/wp-content\/uploads\/2023\/10\/Annika-283x283-1-200x200.png 200w, https:\/\/zorn.se\/wp-content\/uploads\/2023\/10\/Annika-283x283-1.png 283w\" sizes=\"auto, (max-width: 900px) 100vw, 1160px\" \/><\/span><p><strong>Annika Lindgren<\/strong><br \/>\n<em>Garden &amp; Exhibitions<\/em><br \/>\n<a href=\"mailto:annika.lindgren@zorn.se\">annika.lindgren@zorn.se<\/a><\/p>\n<div class=\"fusion-clearfix\"><\/div>\n\n\t\t\t\t\t<\/div>\n\t\t\t\t<\/div><div  class=\"fusion-layout-column fusion_builder_column fusion_builder_column_1_3  fusion-one-third 1_3\"  style='margin-top:0px;margin-bottom:20px;width:33.33%;width:calc(33.33% - ( ( 4% + 4% ) * 0.3333 ) );margin-right: 4%;'>\n\t\t\t\t\t<div class=\"fusion-column-wrapper\" style=\"background-position:left top;background-repeat:no-repeat;-webkit-background-size:cover;-moz-background-size:cover;-o-background-size:cover;background-size:cover;\"  data-bg-url=\"\">\n\t\t\t\t\t\t<span class=\"fusion-imageframe imageframe-none imageframe-5 hover-type-none\"><img loading=\"lazy\" decoding=\"async\" src=\"https:\/\/zorn.se\/wp-content\/uploads\/2023\/10\/Daryl-283x283-1.png\" width=\"283\" height=\"283\" alt=\"\" title=\"Daryl 283x283\" class=\"img-responsive wp-image-9630\" srcset=\"https:\/\/zorn.se\/wp-content\/uploads\/2023\/10\/Daryl-283x283-1-200x200.png 200w, https:\/\/zorn.se\/wp-content\/uploads\/2023\/10\/Daryl-283x283-1.png 283w\" sizes=\"auto, (max-width: 900px) 100vw, 1160px\" \/><\/span><p><strong>Daryl Van Essen<\/strong><br \/>\n<em>Museum Technician<\/em><br \/>\n<a href=\"mailto:daryl.vanessen@zorn.se\">daryl.vanessen@zorn.se<\/a><\/p>\n<div class=\"fusion-clearfix\"><\/div>\n\n\t\t\t\t\t<\/div>\n\t\t\t\t<\/div><div  class=\"fusion-layout-column fusion_builder_column fusion_builder_column_1_3  fusion-one-third fusion-column-last 1_3\"  style='margin-top:0px;margin-bottom:20px;width:33.33%;width:calc(33.33% - ( ( 4% + 4% ) * 0.3333 ) );'>\n\t\t\t\t\t<div class=\"fusion-column-wrapper\" style=\"background-position:left top;background-repeat:no-repeat;-webkit-background-size:cover;-moz-background-size:cover;-o-background-size:cover;background-size:cover;\"  data-bg-url=\"\">\n\t\t\t\t\t\t<span class=\"fusion-imageframe imageframe-none imageframe-6 hover-type-none\"><img loading=\"lazy\" decoding=\"async\" src=\"https:\/\/zorn.se\/wp-content\/uploads\/2023\/10\/Fia-283x283-1.png\" width=\"283\" height=\"283\" alt=\"\" title=\"Fia 283x283\" class=\"img-responsive wp-image-9636\" srcset=\"https:\/\/zorn.se\/wp-content\/uploads\/2023\/10\/Fia-283x283-1-200x200.png 200w, https:\/\/zorn.se\/wp-content\/uploads\/2023\/10\/Fia-283x283-1.png 283w\" sizes=\"auto, (max-width: 900px) 100vw, 1160px\" \/><\/span><p><strong>Fia Bladh<\/strong><br \/>\n<i>Exhibitions &amp; Education<\/i><br \/>\n<a href=\"mailto:fia.bladh@zorn.se\">fia.bladh@zorn.se<\/a><\/p>\n<div class=\"fusion-clearfix\"><\/div>\n\n\t\t\t\t\t<\/div>\n\t\t\t\t<\/div><div  class=\"fusion-layout-column fusion_builder_column fusion_builder_column_1_3  fusion-one-third fusion-column-first 1_3\"  style='margin-top:0px;margin-bottom:20px;width:33.33%;width:calc(33.33% - ( ( 4% ) * 0.3333 ) );margin-right: 4%;'>\n\t\t\t\t\t<div class=\"fusion-column-wrapper\" style=\"background-position:left top;background-repeat:no-repeat;-webkit-background-size:cover;-moz-background-size:cover;-o-background-size:cover;background-size:cover;\"  data-bg-url=\"\">\n\t\t\t\t\t\t<span class=\"fusion-imageframe imageframe-none imageframe-7 hover-type-none\"><img loading=\"lazy\" decoding=\"async\" src=\"https:\/\/zorn.se\/wp-content\/uploads\/2023\/10\/Erik-283x283-1.png\" width=\"283\" height=\"283\" alt=\"\" title=\"Erik 283x283\" class=\"img-responsive wp-image-9633\" srcset=\"https:\/\/zorn.se\/wp-content\/uploads\/2023\/10\/Erik-283x283-1-200x200.png 200w, https:\/\/zorn.se\/wp-content\/uploads\/2023\/10\/Erik-283x283-1.png 283w\" sizes=\"auto, (max-width: 900px) 100vw, 1160px\" \/><\/span><p><strong>Erik Skoglund<\/strong><br \/>\n<i>\u00a0Caretaker<\/i><br \/>\n<a href=\"mailto:erik.skoglund@zorn.se\">erik.skoglund@zorn.se<\/a><\/p>\n<div class=\"fusion-clearfix\"><\/div>\n\n\t\t\t\t\t<\/div>\n\t\t\t\t<\/div><div  class=\"fusion-layout-column fusion_builder_column fusion_builder_column_1_3  fusion-one-third fusion-column-last 1_3\"  style='margin-top:0px;margin-bottom:20px;width:33.33%;width:calc(33.33% - ( ( 4% ) * 0.3333 ) );'>\n\t\t\t\t\t<div class=\"fusion-column-wrapper\" style=\"background-position:left top;background-repeat:no-repeat;-webkit-background-size:cover;-moz-background-size:cover;-o-background-size:cover;background-size:cover;\"  data-bg-url=\"\">\n\t\t\t\t\t\t<span class=\"fusion-imageframe imageframe-none imageframe-8 hover-type-none\"><img loading=\"lazy\" decoding=\"async\" src=\"https:\/\/zorn.se\/wp-content\/uploads\/2023\/10\/Bild-saknas-283x283-1.png\" width=\"283\" height=\"283\" alt=\"\" title=\"Bild saknas 283x283\" class=\"img-responsive wp-image-9624\" srcset=\"https:\/\/zorn.se\/wp-content\/uploads\/2023\/10\/Bild-saknas-283x283-1-200x200.png 200w, https:\/\/zorn.se\/wp-content\/uploads\/2023\/10\/Bild-saknas-283x283-1.png 283w\" sizes=\"auto, (max-width: 900px) 100vw, 1160px\" \/><\/span><p><strong>Freja Matsdotter<\/strong><br \/>\n<i>\u00a0Reception<\/i><br \/>\n<a href=\"mailto:freja.matsdotter@zorn.se\">freja.matsdotter@zorn.se<\/a><\/p>\n<div class=\"fusion-clearfix\"><\/div>\n\n\t\t\t\t\t<\/div>\n\t\t\t\t<\/div><\/div><\/div>\n","protected":false},"excerpt":{"rendered":"","protected":false},"author":1001017,"featured_media":0,"parent":31,"menu_order":40,"comment_status":"closed","ping_status":"open","template":"","meta":{"_acf_changed":false,"footnotes":""},"class_list":["post-482","page","type-page","status-publish","hentry"],"acf":[],"yoast_head":"<!-- This site is optimized with the Yoast SEO plugin v27.3 - https:\/\/yoast.com\/product\/yoast-seo-wordpress\/ -->\n<title>Medarbetare Zornsamlingarna<\/title>\n<meta name=\"description\" content=\"Medarbetare Museidirekt\u00f6r Johan Cederlund, Ekonomi Carola Skarp, Arkivarie H\u00e5kan Knutsby\" \/>\n<meta name=\"robots\" content=\"index, follow, max-snippet:-1, max-image-preview:large, max-video-preview:-1\" \/>\n<link rel=\"canonical\" href=\"https:\/\/zorn.se\/en\/about-us\/organization\/\" \/>\n<meta property=\"og:locale\" content=\"en_US\" \/>\n<meta property=\"og:type\" content=\"article\" \/>\n<meta property=\"og:title\" content=\"Medarbetare Zornsamlingarna\" \/>\n<meta property=\"og:description\" content=\"Medarbetare Museidirekt\u00f6r Johan Cederlund, Sekreterare Karin H\u00f6gberg, Ekonomi Monica Ljessnoj, Arkivarie H\u00e5kan Knutsby\" \/>\n<meta property=\"og:url\" content=\"https:\/\/zorn.se\/en\/about-us\/organization\/\" \/>\n<meta property=\"og:site_name\" content=\"Zornmuseet\" \/>\n<meta property=\"article:publisher\" content=\"https:\/\/www.facebook.com\/zornmuseet\/?ref=bookmarks\" \/>\n<meta property=\"article:modified_time\" content=\"2025-05-14T10:03:55+00:00\" \/>\n<meta name=\"twitter:label1\" content=\"Est. reading time\" \/>\n\t<meta name=\"twitter:data1\" content=\"6 minutes\" \/>\n<script type=\"application\/ld+json\" class=\"yoast-schema-graph\">{\"@context\":\"https:\\\/\\\/schema.org\",\"@graph\":[{\"@type\":\"WebPage\",\"@id\":\"https:\\\/\\\/zorn.se\\\/en\\\/about-us\\\/organization\\\/\",\"url\":\"https:\\\/\\\/zorn.se\\\/en\\\/about-us\\\/organization\\\/\",\"name\":\"Medarbetare Zornsamlingarna\",\"isPartOf\":{\"@id\":\"https:\\\/\\\/zorn.se\\\/en\\\/#website\"},\"datePublished\":\"2014-04-10T12:46:56+00:00\",\"dateModified\":\"2025-05-14T10:03:55+00:00\",\"description\":\"Medarbetare Museidirekt\u00f6r Johan Cederlund, Ekonomi Carola Skarp, Arkivarie H\u00e5kan Knutsby\",\"breadcrumb\":{\"@id\":\"https:\\\/\\\/zorn.se\\\/en\\\/about-us\\\/organization\\\/#breadcrumb\"},\"inLanguage\":\"en-US\",\"potentialAction\":[{\"@type\":\"ReadAction\",\"target\":[\"https:\\\/\\\/zorn.se\\\/en\\\/about-us\\\/organization\\\/\"]}]},{\"@type\":\"BreadcrumbList\",\"@id\":\"https:\\\/\\\/zorn.se\\\/en\\\/about-us\\\/organization\\\/#breadcrumb\",\"itemListElement\":[{\"@type\":\"ListItem\",\"position\":1,\"name\":\"Home\",\"item\":\"https:\\\/\\\/zorn.se\\\/en\\\/\"},{\"@type\":\"ListItem\",\"position\":2,\"name\":\"About us\",\"item\":\"https:\\\/\\\/zorn.se\\\/en\\\/about-us\\\/\"},{\"@type\":\"ListItem\",\"position\":3,\"name\":\"Organization\"}]},{\"@type\":\"WebSite\",\"@id\":\"https:\\\/\\\/zorn.se\\\/en\\\/#website\",\"url\":\"https:\\\/\\\/zorn.se\\\/en\\\/\",\"name\":\"Zornmuseet\",\"description\":\"\",\"potentialAction\":[{\"@type\":\"SearchAction\",\"target\":{\"@type\":\"EntryPoint\",\"urlTemplate\":\"https:\\\/\\\/zorn.se\\\/en\\\/?s={search_term_string}\"},\"query-input\":{\"@type\":\"PropertyValueSpecification\",\"valueRequired\":true,\"valueName\":\"search_term_string\"}}],\"inLanguage\":\"en-US\"}]}<\/script>\n<!-- \/ Yoast SEO plugin. -->","yoast_head_json":{"title":"Medarbetare Zornsamlingarna","description":"Medarbetare Museidirekt\u00f6r Johan Cederlund, Ekonomi Carola Skarp, Arkivarie H\u00e5kan Knutsby","robots":{"index":"index","follow":"follow","max-snippet":"max-snippet:-1","max-image-preview":"max-image-preview:large","max-video-preview":"max-video-preview:-1"},"canonical":"https:\/\/zorn.se\/en\/about-us\/organization\/","og_locale":"en_US","og_type":"article","og_title":"Medarbetare Zornsamlingarna","og_description":"Medarbetare Museidirekt\u00f6r Johan Cederlund, Sekreterare Karin H\u00f6gberg, Ekonomi Monica Ljessnoj, Arkivarie H\u00e5kan Knutsby","og_url":"https:\/\/zorn.se\/en\/about-us\/organization\/","og_site_name":"Zornmuseet","article_publisher":"https:\/\/www.facebook.com\/zornmuseet\/?ref=bookmarks","article_modified_time":"2025-05-14T10:03:55+00:00","twitter_misc":{"Est. reading time":"6 minutes"},"schema":{"@context":"https:\/\/schema.org","@graph":[{"@type":"WebPage","@id":"https:\/\/zorn.se\/en\/about-us\/organization\/","url":"https:\/\/zorn.se\/en\/about-us\/organization\/","name":"Medarbetare Zornsamlingarna","isPartOf":{"@id":"https:\/\/zorn.se\/en\/#website"},"datePublished":"2014-04-10T12:46:56+00:00","dateModified":"2025-05-14T10:03:55+00:00","description":"Medarbetare Museidirekt\u00f6r Johan Cederlund, Ekonomi Carola Skarp, Arkivarie H\u00e5kan Knutsby","breadcrumb":{"@id":"https:\/\/zorn.se\/en\/about-us\/organization\/#breadcrumb"},"inLanguage":"en-US","potentialAction":[{"@type":"ReadAction","target":["https:\/\/zorn.se\/en\/about-us\/organization\/"]}]},{"@type":"BreadcrumbList","@id":"https:\/\/zorn.se\/en\/about-us\/organization\/#breadcrumb","itemListElement":[{"@type":"ListItem","position":1,"name":"Home","item":"https:\/\/zorn.se\/en\/"},{"@type":"ListItem","position":2,"name":"About us","item":"https:\/\/zorn.se\/en\/about-us\/"},{"@type":"ListItem","position":3,"name":"Organization"}]},{"@type":"WebSite","@id":"https:\/\/zorn.se\/en\/#website","url":"https:\/\/zorn.se\/en\/","name":"Zornmuseet","description":"","potentialAction":[{"@type":"SearchAction","target":{"@type":"EntryPoint","urlTemplate":"https:\/\/zorn.se\/en\/?s={search_term_string}"},"query-input":{"@type":"PropertyValueSpecification","valueRequired":true,"valueName":"search_term_string"}}],"inLanguage":"en-US"}]}},"_links":{"self":[{"href":"https:\/\/zorn.se\/en\/wp-json\/wp\/v2\/pages\/482","targetHints":{"allow":["GET"]}}],"collection":[{"href":"https:\/\/zorn.se\/en\/wp-json\/wp\/v2\/pages"}],"about":[{"href":"https:\/\/zorn.se\/en\/wp-json\/wp\/v2\/types\/page"}],"author":[{"embeddable":true,"href":"https:\/\/zorn.se\/en\/wp-json\/wp\/v2\/users\/1001017"}],"replies":[{"embeddable":true,"href":"https:\/\/zorn.se\/en\/wp-json\/wp\/v2\/comments?post=482"}],"version-history":[{"count":30,"href":"https:\/\/zorn.se\/en\/wp-json\/wp\/v2\/pages\/482\/revisions"}],"predecessor-version":[{"id":10214,"href":"https:\/\/zorn.se\/en\/wp-json\/wp\/v2\/pages\/482\/revisions\/10214"}],"up":[{"embeddable":true,"href":"https:\/\/zorn.se\/en\/wp-json\/wp\/v2\/pages\/31"}],"wp:attachment":[{"href":"https:\/\/zorn.se\/en\/wp-json\/wp\/v2\/media?parent=482"}],"curies":[{"name":"wp","href":"https:\/\/api.w.org\/{rel}","templated":true}]}}