{"id":479,"date":"2014-04-10T14:46:21","date_gmt":"2014-04-10T12:46:21","guid":{"rendered":"http:\/\/zorn.se\/?page_id=479"},"modified":"2018-05-31T10:55:58","modified_gmt":"2018-05-31T08:55:58","slug":"emma-lamm","status":"publish","type":"page","link":"https:\/\/zorn.se\/en\/about-us\/emma-lamm\/","title":{"rendered":"Emma Lamm"},"content":{"rendered":"<h1>Emma Lamm (1860\u20131942)<\/h1>\n<p>Emma Lamm, (1860\u20131942), who Zorn had met while painting a portrait of her nephew in 1881, belonged to an upper-middle-class Jewish family from Stockholm. The couple became secretly engaged, however, a wedding would depend on whether Zorn could make a success of himself in the world. In 1885 her family now considered his financial situation to be stable enough. Zorn returned home from London and the couple was married at a civil ceremony in Stockholm City Hall in 1885.<\/p>\n<p>Emma made it clear from the start that she was entering the marriage as her husband\u2019s intellectual equal. She was educated and intelligent, interested in culture, and outgoing. Her wish was to help her husband\u2019s progress, not just keep house. Through the years, she lived up to her self-imposed active role as an artist\u2019s wife. She was his critic and his administrator, organizing shipments and insurance in conjunction with exhibitions, managing contacts with other artists, and playing the model in various guises. After the wedding, Zorn\u2019s art became their common concern.<\/p>\n<p>In spite of all the differences, Emma became very fond of Zorn\u2019s family. This positive meeting proved to have great significance for her. She was always to have very good relations with her in-laws and the people of Mora. After the couple\u2019s moving to Mora in 1896, and encouraged by her husband, Emma became involved in a series of different local activities such as the public library and the handicraft association. The Zorn Children\u2019s Home was indebted to her for its existence and likewise also a public school for adults (f|olkh\u00f6gskola) in Mora which came into being as a result of the active participation and financial support from her and her husband.<\/p>\n<p>For Zorn, joining the Lamm family meant access to a large and significant network of contacts. Indeed, he had already made social connections as a friend of Emma\u2019s family prior to the marriage, receiving a number of commissions from her relatives, but now doors opened to contacts beyond Sweden and on the international market.<\/p>\n<p>Emma Zorn survived her husband for more than two decades. She remained in their home in Mora and maintained his legacy until her death in 1942. It was her initiative that led to the establishment of the Zorn Museum, opened three years earlier.<\/p>\n","protected":false},"excerpt":{"rendered":"<p>Emma Lamm (1860\u20131942) Emma Lamm, (1860\u20131942), who Zorn had met [&hellip;]<\/p>\n","protected":false},"author":1001017,"featured_media":0,"parent":31,"menu_order":30,"comment_status":"closed","ping_status":"open","template":"","meta":{"_acf_changed":false,"footnotes":""},"class_list":["post-479","page","type-page","status-publish","hentry"],"acf":[],"yoast_head":"<!-- This site is optimized with the Yoast SEO plugin v27.3 - https:\/\/yoast.com\/product\/yoast-seo-wordpress\/ -->\n<title>Emma Zorn Emma Zorn (f\u00f6dd Lamm, 1860-1942)<\/title>\n<meta name=\"description\" content=\"Emma Zorn kom fr\u00e5n en v\u00e4lsituerad, borgerlig Stockholmsfamilj. Hennes far hette Martin Lamm och var grosshandlare, modern hette Henriette f\u00f6dd Meyerson.\" \/>\n<meta name=\"robots\" content=\"index, follow, max-snippet:-1, max-image-preview:large, max-video-preview:-1\" \/>\n<link rel=\"canonical\" href=\"https:\/\/zorn.se\/en\/about-us\/emma-lamm\/\" \/>\n<meta property=\"og:locale\" content=\"en_US\" \/>\n<meta property=\"og:type\" content=\"article\" \/>\n<meta property=\"og:title\" content=\"Emma Zorn Emma Zorn (f\u00f6dd Lamm, 1860-1942)\" \/>\n<meta property=\"og:description\" content=\"Emma Zorn kom fr\u00e5n en v\u00e4lsituerad, borgerlig Stockholmsfamilj. Hennes far hette Martin Lamm och var grosshandlare, modern hette Henriette f\u00f6dd Meyerson.\" \/>\n<meta property=\"og:url\" content=\"https:\/\/zorn.se\/en\/about-us\/emma-lamm\/\" \/>\n<meta property=\"og:site_name\" content=\"Zornmuseet\" \/>\n<meta property=\"article:publisher\" content=\"https:\/\/www.facebook.com\/zornmuseet\/?ref=bookmarks\" \/>\n<meta property=\"article:modified_time\" content=\"2018-05-31T08:55:58+00:00\" \/>\n<meta name=\"twitter:label1\" content=\"Est. reading time\" \/>\n\t<meta name=\"twitter:data1\" content=\"2 minutes\" \/>\n<script type=\"application\/ld+json\" class=\"yoast-schema-graph\">{\"@context\":\"https:\\\/\\\/schema.org\",\"@graph\":[{\"@type\":\"WebPage\",\"@id\":\"https:\\\/\\\/zorn.se\\\/en\\\/about-us\\\/emma-lamm\\\/\",\"url\":\"https:\\\/\\\/zorn.se\\\/en\\\/about-us\\\/emma-lamm\\\/\",\"name\":\"Emma Zorn Emma Zorn (f\u00f6dd Lamm, 1860-1942)\",\"isPartOf\":{\"@id\":\"https:\\\/\\\/zorn.se\\\/en\\\/#website\"},\"datePublished\":\"2014-04-10T12:46:21+00:00\",\"dateModified\":\"2018-05-31T08:55:58+00:00\",\"description\":\"Emma Zorn kom fr\u00e5n en v\u00e4lsituerad, borgerlig Stockholmsfamilj. Hennes far hette Martin Lamm och var grosshandlare, modern hette Henriette f\u00f6dd Meyerson.\",\"breadcrumb\":{\"@id\":\"https:\\\/\\\/zorn.se\\\/en\\\/about-us\\\/emma-lamm\\\/#breadcrumb\"},\"inLanguage\":\"en-US\",\"potentialAction\":[{\"@type\":\"ReadAction\",\"target\":[\"https:\\\/\\\/zorn.se\\\/en\\\/about-us\\\/emma-lamm\\\/\"]}]},{\"@type\":\"BreadcrumbList\",\"@id\":\"https:\\\/\\\/zorn.se\\\/en\\\/about-us\\\/emma-lamm\\\/#breadcrumb\",\"itemListElement\":[{\"@type\":\"ListItem\",\"position\":1,\"name\":\"Home\",\"item\":\"https:\\\/\\\/zorn.se\\\/en\\\/\"},{\"@type\":\"ListItem\",\"position\":2,\"name\":\"About us\",\"item\":\"https:\\\/\\\/zorn.se\\\/en\\\/about-us\\\/\"},{\"@type\":\"ListItem\",\"position\":3,\"name\":\"Emma Lamm\"}]},{\"@type\":\"WebSite\",\"@id\":\"https:\\\/\\\/zorn.se\\\/en\\\/#website\",\"url\":\"https:\\\/\\\/zorn.se\\\/en\\\/\",\"name\":\"Zornmuseet\",\"description\":\"\",\"potentialAction\":[{\"@type\":\"SearchAction\",\"target\":{\"@type\":\"EntryPoint\",\"urlTemplate\":\"https:\\\/\\\/zorn.se\\\/en\\\/?s={search_term_string}\"},\"query-input\":{\"@type\":\"PropertyValueSpecification\",\"valueRequired\":true,\"valueName\":\"search_term_string\"}}],\"inLanguage\":\"en-US\"}]}<\/script>\n<!-- \/ Yoast SEO plugin. -->","yoast_head_json":{"title":"Emma Zorn Emma Zorn (f\u00f6dd Lamm, 1860-1942)","description":"Emma Zorn kom fr\u00e5n en v\u00e4lsituerad, borgerlig Stockholmsfamilj. Hennes far hette Martin Lamm och var grosshandlare, modern hette Henriette f\u00f6dd Meyerson.","robots":{"index":"index","follow":"follow","max-snippet":"max-snippet:-1","max-image-preview":"max-image-preview:large","max-video-preview":"max-video-preview:-1"},"canonical":"https:\/\/zorn.se\/en\/about-us\/emma-lamm\/","og_locale":"en_US","og_type":"article","og_title":"Emma Zorn Emma Zorn (f\u00f6dd Lamm, 1860-1942)","og_description":"Emma Zorn kom fr\u00e5n en v\u00e4lsituerad, borgerlig Stockholmsfamilj. Hennes far hette Martin Lamm och var grosshandlare, modern hette Henriette f\u00f6dd Meyerson.","og_url":"https:\/\/zorn.se\/en\/about-us\/emma-lamm\/","og_site_name":"Zornmuseet","article_publisher":"https:\/\/www.facebook.com\/zornmuseet\/?ref=bookmarks","article_modified_time":"2018-05-31T08:55:58+00:00","twitter_misc":{"Est. reading time":"2 minutes"},"schema":{"@context":"https:\/\/schema.org","@graph":[{"@type":"WebPage","@id":"https:\/\/zorn.se\/en\/about-us\/emma-lamm\/","url":"https:\/\/zorn.se\/en\/about-us\/emma-lamm\/","name":"Emma Zorn Emma Zorn (f\u00f6dd Lamm, 1860-1942)","isPartOf":{"@id":"https:\/\/zorn.se\/en\/#website"},"datePublished":"2014-04-10T12:46:21+00:00","dateModified":"2018-05-31T08:55:58+00:00","description":"Emma Zorn kom fr\u00e5n en v\u00e4lsituerad, borgerlig Stockholmsfamilj. Hennes far hette Martin Lamm och var grosshandlare, modern hette Henriette f\u00f6dd Meyerson.","breadcrumb":{"@id":"https:\/\/zorn.se\/en\/about-us\/emma-lamm\/#breadcrumb"},"inLanguage":"en-US","potentialAction":[{"@type":"ReadAction","target":["https:\/\/zorn.se\/en\/about-us\/emma-lamm\/"]}]},{"@type":"BreadcrumbList","@id":"https:\/\/zorn.se\/en\/about-us\/emma-lamm\/#breadcrumb","itemListElement":[{"@type":"ListItem","position":1,"name":"Home","item":"https:\/\/zorn.se\/en\/"},{"@type":"ListItem","position":2,"name":"About us","item":"https:\/\/zorn.se\/en\/about-us\/"},{"@type":"ListItem","position":3,"name":"Emma Lamm"}]},{"@type":"WebSite","@id":"https:\/\/zorn.se\/en\/#website","url":"https:\/\/zorn.se\/en\/","name":"Zornmuseet","description":"","potentialAction":[{"@type":"SearchAction","target":{"@type":"EntryPoint","urlTemplate":"https:\/\/zorn.se\/en\/?s={search_term_string}"},"query-input":{"@type":"PropertyValueSpecification","valueRequired":true,"valueName":"search_term_string"}}],"inLanguage":"en-US"}]}},"_links":{"self":[{"href":"https:\/\/zorn.se\/en\/wp-json\/wp\/v2\/pages\/479","targetHints":{"allow":["GET"]}}],"collection":[{"href":"https:\/\/zorn.se\/en\/wp-json\/wp\/v2\/pages"}],"about":[{"href":"https:\/\/zorn.se\/en\/wp-json\/wp\/v2\/types\/page"}],"author":[{"embeddable":true,"href":"https:\/\/zorn.se\/en\/wp-json\/wp\/v2\/users\/1001017"}],"replies":[{"embeddable":true,"href":"https:\/\/zorn.se\/en\/wp-json\/wp\/v2\/comments?post=479"}],"version-history":[{"count":9,"href":"https:\/\/zorn.se\/en\/wp-json\/wp\/v2\/pages\/479\/revisions"}],"predecessor-version":[{"id":5476,"href":"https:\/\/zorn.se\/en\/wp-json\/wp\/v2\/pages\/479\/revisions\/5476"}],"up":[{"embeddable":true,"href":"https:\/\/zorn.se\/en\/wp-json\/wp\/v2\/pages\/31"}],"wp:attachment":[{"href":"https:\/\/zorn.se\/en\/wp-json\/wp\/v2\/media?parent=479"}],"curies":[{"name":"wp","href":"https:\/\/api.w.org\/{rel}","templated":true}]}}