{"id":477,"date":"2014-04-10T14:46:04","date_gmt":"2014-04-10T12:46:04","guid":{"rendered":"http:\/\/zorn.se\/?page_id=477"},"modified":"2020-06-03T08:17:20","modified_gmt":"2020-06-03T06:17:20","slug":"anders-zorn","status":"publish","type":"page","link":"https:\/\/zorn.se\/en\/about-us\/anders-zorn\/","title":{"rendered":"Anders Zorn"},"content":{"rendered":"<h1>Anders Zorn (1860\u20131920)<\/h1>\n<p>One hundred years ago, Anders Zorn (1860-1920) was among Europe\u2019s most celebrated artists. Kings, presidents, bankers and cultural figures lined up to have their portraits painted by the Swede, and his etchings commanded prices higher than almost any other artist.<\/p>\n<h3>Childhood and youth<\/h3>\n<p>Zorn\u2019s life began in the little town of Mora in the Dalarna region of Sweden, where he grew up under humble circumstances on a small farm, raised by his mother and grandparents. His father was a German master-brewer, Leonard Zorn, whom he never met. After studying at the Royal Academy of Fine Arts in Stockholm from 1875 to 1881, and a six-month trip to Spain, he began his profession as a watercolor painter in London, specializing in portraits.<\/p>\n<p>In 1885, Zorn returned to Sweden to marry Emma Lamm (1860-1942), whom he had met while a student in Stockholm. The newlyweds spent their summers on Dalar\u00f6 in Stockholm\u2019s archipelago, a fashionable seaside resort, where Zorn dazzled the public with his watercolor technique\u2014especially his ability to capture the play of light on water.<\/p>\n<p>In the winter of 1887-88, Zorn began to paint in oil, and in 1889, he made his break\u00adthrough at the World\u2019s Fair in Paris. The Swede was awarded a first class medal and was decorated with the most prestigious order in France, the Legion of Honor.<\/p>\n<h3>Famous portrait painter<\/h3>\n<p>Zorn achieved his greatest international success as a portrait painter. He was especially in demand in the USA, where the generation of gilded Americans was willing to pay record-breaking sums for portraits by him. Zorn visited America seven times, and painted approximately one hundred portraits there, including three presidents. After meeting Isabella Stewart Gardner at the Chicago World\u2019s Fair in 1893, Zorn became a close friend of the idiosyncratic art collector who went to build her own museum in Boston. Zorn\u2019s portrait of Mrs. Gardner, along with other of his works, still belongs to her museum.<\/p>\n<p>The 1889 World\u2019s Fair had also signaled a major breakthrough for Zorn as a <em>plein-air<\/em> painter. The public acclaimed his pictures of women bathing nude, mostly painted in the Stockholm archipelago. The theme of nudes in the outdoors was not new, but Zorn brought a new sensuality to the genre by ushering his models out into nature, away from the studio, depicting them wading in water and moving with grace among the rocky shorelines and trees.<\/p>\n<h3>Back to Mora<\/h3>\n<p>In 1896, after eight years in Paris, Anders and Emma Zorn moved home to Sweden and Mora.\u00a0 Zorn\u2019s international connections did not cease to be active, however. \u00a0Until the First World War, he found himself travelling every year, typically in the spring.\u00a0 He continued to receive new portrait commissions and regularly took part in exhibitions in France, Germany and the United States.\u00a0 In a large solo exhibition at the Galeries Durand-Ruel in Paris in 1906, he was hailed as one of the greatest artists of his time and was compared with the acclaimed Spaniard Joaqu\u00edn Sorolla y Bastida and the American John Singer Sargent.<\/p>\n<p>In Mora, Zorn devoted himself increasingly to a third subject area, the depiction of folk life in Dalarna.\u00a0 His portrayals of ordinary people from his native area re\u00adpresent a rural culture resistant to change. The basic mood in his work is a calm and gentle approach to everyday subjects.<\/p>\n<p>Zorn\u2019s success as an artist was not only based on his paintings and watercolors.\u00a0 He was also a brilliant etcher.\u00a0 Zorn had learned etching techniques in London in the early 1880s from a Swede, Axel Herman Haig, 25 years his senior. He began tentatively, investi\u00adgating and experimenting with the plate to understand the technique\u2019s possibilities, yet it wasn\u2019t long before his handling of the etching needle won him fame. After some years Zorn learned how to achieve dramatic effects of light and shade with squalls of lines, and used these to create his own unorthodox, impressionist style.<\/p>\n<p>During the last years of his life, Zorn\u2019s health deteriorated quickly, partially the consequence of his intensely lived life. He died in Mora, 22 August 1920 and was buried in the graveyard of Mora church.<\/p>\n","protected":false},"excerpt":{"rendered":"<p>Anders Zorn (1860\u20131920) One hundred years ago, Anders Zorn (1860-1920) [&hellip;]<\/p>\n","protected":false},"author":1001017,"featured_media":0,"parent":31,"menu_order":20,"comment_status":"closed","ping_status":"open","template":"","meta":{"_acf_changed":false,"footnotes":""},"class_list":["post-477","page","type-page","status-publish","hentry"],"acf":[],"yoast_head":"<!-- This site is optimized with the Yoast SEO plugin v27.4 - https:\/\/yoast.com\/product\/yoast-seo-wordpress\/ -->\n<title>Anders Zorn har ofta kallats m\u00e5larnas m\u00e4stare<\/title>\n<meta name=\"description\" content=\"Anders Zorn f\u00f6ddes i Mora, Dalarna den 18 februari 1860. Hans mor hette Grudd Anna Andersdotter, fadern Leonard Zorn var tysk bryggare. Se Zorns verk i Mora\" \/>\n<meta name=\"robots\" content=\"index, follow, max-snippet:-1, max-image-preview:large, max-video-preview:-1\" \/>\n<link rel=\"canonical\" href=\"https:\/\/zorn.se\/en\/about-us\/anders-zorn\/\" \/>\n<meta property=\"og:locale\" content=\"en_US\" \/>\n<meta property=\"og:type\" content=\"article\" \/>\n<meta property=\"og:title\" content=\"Anders Zorn har ofta kallats m\u00e5larnas m\u00e4stare\" \/>\n<meta property=\"og:description\" content=\"Anders Zorn f\u00f6ddes i Mora, Dalarna den 18 februari 1860. Hans mor hette Grudd Anna Andersdotter, fadern Leonard Zorn var tysk bryggare. Se Zorns verk i Mora\" \/>\n<meta property=\"og:url\" content=\"https:\/\/zorn.se\/en\/about-us\/anders-zorn\/\" \/>\n<meta property=\"og:site_name\" content=\"Zornmuseet\" \/>\n<meta property=\"article:publisher\" content=\"https:\/\/www.facebook.com\/zornmuseet\/?ref=bookmarks\" \/>\n<meta property=\"article:modified_time\" content=\"2020-06-03T06:17:20+00:00\" \/>\n<meta name=\"twitter:label1\" content=\"Est. reading time\" \/>\n\t<meta name=\"twitter:data1\" content=\"3 minutes\" \/>\n<script type=\"application\/ld+json\" class=\"yoast-schema-graph\">{\"@context\":\"https:\\\/\\\/schema.org\",\"@graph\":[{\"@type\":\"WebPage\",\"@id\":\"https:\\\/\\\/zorn.se\\\/en\\\/about-us\\\/anders-zorn\\\/\",\"url\":\"https:\\\/\\\/zorn.se\\\/en\\\/about-us\\\/anders-zorn\\\/\",\"name\":\"Anders Zorn har ofta kallats m\u00e5larnas m\u00e4stare\",\"isPartOf\":{\"@id\":\"https:\\\/\\\/zorn.se\\\/en\\\/#website\"},\"datePublished\":\"2014-04-10T12:46:04+00:00\",\"dateModified\":\"2020-06-03T06:17:20+00:00\",\"description\":\"Anders Zorn f\u00f6ddes i Mora, Dalarna den 18 februari 1860. Hans mor hette Grudd Anna Andersdotter, fadern Leonard Zorn var tysk bryggare. Se Zorns verk i Mora\",\"breadcrumb\":{\"@id\":\"https:\\\/\\\/zorn.se\\\/en\\\/about-us\\\/anders-zorn\\\/#breadcrumb\"},\"inLanguage\":\"en-US\",\"potentialAction\":[{\"@type\":\"ReadAction\",\"target\":[\"https:\\\/\\\/zorn.se\\\/en\\\/about-us\\\/anders-zorn\\\/\"]}]},{\"@type\":\"BreadcrumbList\",\"@id\":\"https:\\\/\\\/zorn.se\\\/en\\\/about-us\\\/anders-zorn\\\/#breadcrumb\",\"itemListElement\":[{\"@type\":\"ListItem\",\"position\":1,\"name\":\"Home\",\"item\":\"https:\\\/\\\/zorn.se\\\/en\\\/\"},{\"@type\":\"ListItem\",\"position\":2,\"name\":\"About us\",\"item\":\"https:\\\/\\\/zorn.se\\\/en\\\/about-us\\\/\"},{\"@type\":\"ListItem\",\"position\":3,\"name\":\"Anders Zorn\"}]},{\"@type\":\"WebSite\",\"@id\":\"https:\\\/\\\/zorn.se\\\/en\\\/#website\",\"url\":\"https:\\\/\\\/zorn.se\\\/en\\\/\",\"name\":\"Zornmuseet\",\"description\":\"\",\"potentialAction\":[{\"@type\":\"SearchAction\",\"target\":{\"@type\":\"EntryPoint\",\"urlTemplate\":\"https:\\\/\\\/zorn.se\\\/en\\\/?s={search_term_string}\"},\"query-input\":{\"@type\":\"PropertyValueSpecification\",\"valueRequired\":true,\"valueName\":\"search_term_string\"}}],\"inLanguage\":\"en-US\"}]}<\/script>\n<!-- \/ Yoast SEO plugin. -->","yoast_head_json":{"title":"Anders Zorn har ofta kallats m\u00e5larnas m\u00e4stare","description":"Anders Zorn f\u00f6ddes i Mora, Dalarna den 18 februari 1860. Hans mor hette Grudd Anna Andersdotter, fadern Leonard Zorn var tysk bryggare. Se Zorns verk i Mora","robots":{"index":"index","follow":"follow","max-snippet":"max-snippet:-1","max-image-preview":"max-image-preview:large","max-video-preview":"max-video-preview:-1"},"canonical":"https:\/\/zorn.se\/en\/about-us\/anders-zorn\/","og_locale":"en_US","og_type":"article","og_title":"Anders Zorn har ofta kallats m\u00e5larnas m\u00e4stare","og_description":"Anders Zorn f\u00f6ddes i Mora, Dalarna den 18 februari 1860. Hans mor hette Grudd Anna Andersdotter, fadern Leonard Zorn var tysk bryggare. Se Zorns verk i Mora","og_url":"https:\/\/zorn.se\/en\/about-us\/anders-zorn\/","og_site_name":"Zornmuseet","article_publisher":"https:\/\/www.facebook.com\/zornmuseet\/?ref=bookmarks","article_modified_time":"2020-06-03T06:17:20+00:00","twitter_misc":{"Est. reading time":"3 minutes"},"schema":{"@context":"https:\/\/schema.org","@graph":[{"@type":"WebPage","@id":"https:\/\/zorn.se\/en\/about-us\/anders-zorn\/","url":"https:\/\/zorn.se\/en\/about-us\/anders-zorn\/","name":"Anders Zorn har ofta kallats m\u00e5larnas m\u00e4stare","isPartOf":{"@id":"https:\/\/zorn.se\/en\/#website"},"datePublished":"2014-04-10T12:46:04+00:00","dateModified":"2020-06-03T06:17:20+00:00","description":"Anders Zorn f\u00f6ddes i Mora, Dalarna den 18 februari 1860. Hans mor hette Grudd Anna Andersdotter, fadern Leonard Zorn var tysk bryggare. Se Zorns verk i Mora","breadcrumb":{"@id":"https:\/\/zorn.se\/en\/about-us\/anders-zorn\/#breadcrumb"},"inLanguage":"en-US","potentialAction":[{"@type":"ReadAction","target":["https:\/\/zorn.se\/en\/about-us\/anders-zorn\/"]}]},{"@type":"BreadcrumbList","@id":"https:\/\/zorn.se\/en\/about-us\/anders-zorn\/#breadcrumb","itemListElement":[{"@type":"ListItem","position":1,"name":"Home","item":"https:\/\/zorn.se\/en\/"},{"@type":"ListItem","position":2,"name":"About us","item":"https:\/\/zorn.se\/en\/about-us\/"},{"@type":"ListItem","position":3,"name":"Anders Zorn"}]},{"@type":"WebSite","@id":"https:\/\/zorn.se\/en\/#website","url":"https:\/\/zorn.se\/en\/","name":"Zornmuseet","description":"","potentialAction":[{"@type":"SearchAction","target":{"@type":"EntryPoint","urlTemplate":"https:\/\/zorn.se\/en\/?s={search_term_string}"},"query-input":{"@type":"PropertyValueSpecification","valueRequired":true,"valueName":"search_term_string"}}],"inLanguage":"en-US"}]}},"_links":{"self":[{"href":"https:\/\/zorn.se\/en\/wp-json\/wp\/v2\/pages\/477","targetHints":{"allow":["GET"]}}],"collection":[{"href":"https:\/\/zorn.se\/en\/wp-json\/wp\/v2\/pages"}],"about":[{"href":"https:\/\/zorn.se\/en\/wp-json\/wp\/v2\/types\/page"}],"author":[{"embeddable":true,"href":"https:\/\/zorn.se\/en\/wp-json\/wp\/v2\/users\/1001017"}],"replies":[{"embeddable":true,"href":"https:\/\/zorn.se\/en\/wp-json\/wp\/v2\/comments?post=477"}],"version-history":[{"count":12,"href":"https:\/\/zorn.se\/en\/wp-json\/wp\/v2\/pages\/477\/revisions"}],"predecessor-version":[{"id":6732,"href":"https:\/\/zorn.se\/en\/wp-json\/wp\/v2\/pages\/477\/revisions\/6732"}],"up":[{"embeddable":true,"href":"https:\/\/zorn.se\/en\/wp-json\/wp\/v2\/pages\/31"}],"wp:attachment":[{"href":"https:\/\/zorn.se\/en\/wp-json\/wp\/v2\/media?parent=477"}],"curies":[{"name":"wp","href":"https:\/\/api.w.org\/{rel}","templated":true}]}}